    {"id":18,"date":"2024-06-14T12:33:29","date_gmt":"2024-06-14T15:33:29","guid":{"rendered":"https:\/\/mundosapps.com\/?page_id=18"},"modified":"2025-12-26T17:57:20","modified_gmt":"2025-12-26T17:57:20","slug":"politica-de-privacidad","status":"publish","type":"page","link":"https:\/\/mundosapps.com\/fr\/politica-de-privacidad\/","title":{"rendered":"politique de confidentialit\u00e9"},"content":{"rendered":"<p>Votre vie priv\u00e9e est importante pour nous. Mundos Apps a pour politique de respecter votre vie priv\u00e9e concernant toute information que nous pouvons recueillir aupr\u00e8s de vous via le site web.&nbsp;<a href=\"https:\/\/mundosapps.com\/fr\/\">de Mundos Apps<\/a>&nbsp;et d\u2019autres sites que nous poss\u00e9dons et exploitons.<\/p>\n\n\n\n<p>Nous ne demandons des informations personnelles que lorsque nous en avons r\u00e9ellement besoin pour vous fournir un service. Nous le faisons de mani\u00e8re juste et l\u00e9gale, avec votre consentement et en toute connaissance de cause. Nous vous informons \u00e9galement des raisons pour lesquelles nous les collectons et de leur utilisation.<\/p>\n\n\n\n<p>Nous conservons les informations collect\u00e9es uniquement le temps n\u00e9cessaire pour vous fournir le service demand\u00e9. Nous prot\u00e9geons les donn\u00e9es stock\u00e9es par des moyens commercialement acceptables afin de pr\u00e9venir la perte et le vol, ainsi que tout acc\u00e8s, divulgation, copie, utilisation ou modification non autoris\u00e9s.<\/p>\n\n\n\n<p>Nous ne partageons aucune information personnelle identifiable publiquement ou avec des tiers, sauf lorsque la loi l&#039;exige.<\/p>\n\n\n\n<p>Notre site web peut contenir des liens vers des sites web externes que nous n&#039;exploitons pas. Veuillez noter que nous n&#039;avons aucun contr\u00f4le sur le contenu et les pratiques de ces sites et d\u00e9clinons toute responsabilit\u00e9 quant \u00e0 leurs contenus respectifs.&nbsp;&nbsp;<a href=\"https:\/\/privacidade.me\/\">politiques de confidentialit\u00e9<\/a>&nbsp;.<\/p>\n\n\n\n<p>Vous \u00eates libre de refuser notre demande de renseignements personnels, sachant que nous pourrions ne pas \u00eatre en mesure de vous fournir certains des services souhait\u00e9s.<\/p>\n\n\n\n<p>Votre utilisation continue de notre site web vaut acceptation de nos pratiques en mati\u00e8re de confidentialit\u00e9 et de donn\u00e9es personnelles. Pour toute question concernant notre traitement des donn\u00e9es utilisateur et des donn\u00e9es personnelles, veuillez nous contacter.<\/p>\n\n\n\n<p><strong>S\u00e9curit\u00e9 et confiance du site Web Mundos Apps<\/strong><\/p>\n\n\n\n<p>Le site web est fiable et s\u00e9curis\u00e9 pour la navigation des utilisateurs, comme l&#039;indique la v\u00e9rification. Cette page v\u00e9rifie les informations du site web afin d&#039;identifier d&#039;\u00e9ventuels probl\u00e8mes de s\u00e9curit\u00e9. Navigation v\u00e9rifi\u00e9e par l&#039;outil.&nbsp;<a href=\"https:\/\/transparencyreport.google.com\/safe-browsing\/search?url=https:\/\/mundosapps.com\/\">S\u00e9curit\u00e9 de Google<\/a>&nbsp;&nbsp;montre que le site est s\u00e9curis\u00e9.<\/p>\n\n\n\n<p><strong>Politique relative aux cookies de Mundos Apps<\/strong><\/p>\n\n\n\n<p><strong>Que sont les cookies ?<\/strong><\/p>\n\n\n\n<p>Comme c&#039;est le cas sur la plupart des sites web professionnels, ce site utilise des cookies, de petits fichiers t\u00e9l\u00e9charg\u00e9s sur votre ordinateur, pour am\u00e9liorer votre exp\u00e9rience. Cette page d\u00e9crit les informations collect\u00e9es, leur utilisation et les raisons pour lesquelles nous devons parfois stocker ces cookies. Nous vous expliquerons \u00e9galement comment emp\u00eacher leur stockage\u00a0; cependant, cela pourrait alt\u00e9rer ou \u00ab\u00a0perturber\u00a0\u00bb certaines fonctionnalit\u00e9s du site.<\/p>\n\n\n\n<p><strong>Comment utilisons-nous les cookies ?<\/strong><\/p>\n\n\n\n<p>Nous utilisons des cookies pour diverses raisons, d\u00e9taill\u00e9es ci-dessous. Malheureusement, dans la plupart des cas, il n&#039;existe pas d&#039;option standard permettant de d\u00e9sactiver les cookies sans d\u00e9sactiver compl\u00e8tement les fonctionnalit\u00e9s qu&#039;ils ajoutent \u00e0 ce site. Il est recommand\u00e9 de laisser tous les cookies activ\u00e9s si vous n&#039;\u00eates pas s\u00fbr de leur utilit\u00e9 pour vous fournir un service.<\/p>\n\n\n\n<p><strong>D\u00e9sactiver les cookies<\/strong><\/p>\n\n\n\n<p>Vous pouvez emp\u00eacher l&#039;installation de cookies en modifiant les param\u00e8tres de votre navigateur (consultez l&#039;aide de votre navigateur pour savoir comment proc\u00e9der). Sachez que la d\u00e9sactivation des cookies affectera le fonctionnement de ce site et de nombreux autres sites web que vous consultez. La d\u00e9sactivation des cookies entra\u00eene g\u00e9n\u00e9ralement la d\u00e9sactivation de certaines fonctionnalit\u00e9s de ce site. Il est donc recommand\u00e9 de ne pas d\u00e9sactiver les cookies.<\/p>\n\n\n\n<p><strong>Cookies que nous installons<\/strong><\/p>\n\n\n\n<ul class=\"wp-block-list\">\n<li>Cookies li\u00e9s au compte<br><br>Si vous cr\u00e9ez un compte chez nous, nous utiliserons des cookies pour g\u00e9rer votre inscription et l&#039;administration g\u00e9n\u00e9rale. Ces cookies sont g\u00e9n\u00e9ralement supprim\u00e9s lors de votre d\u00e9connexion, mais peuvent parfois \u00eatre conserv\u00e9s ult\u00e9rieurement pour m\u00e9moriser vos pr\u00e9f\u00e9rences lors de votre d\u00e9connexion.<br><\/li>\n\n\n\n<li>Cookies li\u00e9s \u00e0 la connexion<br><br>Nous utilisons des cookies lors de votre connexion afin de m\u00e9moriser cette action. Cela vous \u00e9vite de vous connecter \u00e0 chaque nouvelle page. Ces cookies sont g\u00e9n\u00e9ralement supprim\u00e9s lorsque vous vous d\u00e9connectez afin de vous permettre d&#039;acc\u00e9der uniquement aux fonctionnalit\u00e9s et zones restreintes lorsque vous \u00eates connect\u00e9.<br><\/li>\n\n\n\n<li>Cookies li\u00e9s aux newsletters par e-mail<br><br>Ce site propose des services d&#039;abonnement \u00e0 des newsletters ou \u00e0 des e-mails et des cookies peuvent \u00eatre utilis\u00e9s pour se souvenir si vous \u00eates d\u00e9j\u00e0 inscrit et pour savoir s&#039;il faut afficher certaines notifications qui pourraient n&#039;\u00eatre valables que pour les utilisateurs abonn\u00e9s ou d\u00e9sabonn\u00e9s.<br><\/li>\n\n\n\n<li>Cookies li\u00e9s au traitement des commandes<br><br>Ce site propose des services de commerce \u00e9lectronique ou de paiement et certains cookies sont essentiels pour garantir que votre commande soit m\u00e9moris\u00e9e entre les pages afin que nous puissions la traiter correctement.<br><\/li>\n\n\n\n<li>Cookies li\u00e9s aux enqu\u00eates<br><br>Nous proposons ponctuellement des enqu\u00eates et des questionnaires pour vous fournir des informations int\u00e9ressantes, des outils utiles ou pour mieux comprendre notre base d&#039;utilisateurs. Ces enqu\u00eates peuvent utiliser des cookies pour m\u00e9moriser les participants ou pour vous fournir des r\u00e9sultats pr\u00e9cis apr\u00e8s chaque changement de page.<br><\/li>\n\n\n\n<li>Cookies li\u00e9s aux formulaires<br><br>Lorsque vous soumettez des donn\u00e9es via un formulaire tel que ceux trouv\u00e9s sur les pages de contact ou les formulaires de commentaires, des cookies peuvent \u00eatre d\u00e9finis pour m\u00e9moriser vos informations d&#039;utilisateur pour une correspondance future.<br><\/li>\n\n\n\n<li>Cookies de pr\u00e9f\u00e9rences du site<br><br>Pour vous offrir une exp\u00e9rience optimale sur ce site, nous vous proposons une fonctionnalit\u00e9 permettant de d\u00e9finir vos pr\u00e9f\u00e9rences de fonctionnement. Pour m\u00e9moriser vos pr\u00e9f\u00e9rences, nous devons utiliser des cookies afin que ces informations soient r\u00e9cup\u00e9r\u00e9es chaque fois que vous interagissez avec une page concern\u00e9e.<\/li>\n<\/ul>\n\n\n\n<p><strong>Cookies tiers<\/strong><\/p>\n\n\n\n<p>Dans certains cas particuliers, nous utilisons \u00e9galement des cookies fournis par des tiers de confiance. La section suivante d\u00e9taille les cookies tiers que vous pourriez rencontrer sur ce site.<\/p>\n\n\n\n<ul class=\"wp-block-list\">\n<li>Ce site utilise&nbsp;&nbsp;<a href=\"https:\/\/analytics.google.com\/analytics\/web\/\">Google Analytics<\/a>&nbsp;, l&#039;une des solutions d&#039;analyse les plus r\u00e9pandues et les plus fiables du web, nous permet de comprendre comment vous utilisez le site et comment nous pouvons l&#039;am\u00e9liorer. Ces cookies peuvent suivre des \u00e9l\u00e9ments tels que votre temps de navigation et les pages que vous consultez, afin que nous puissions continuer \u00e0 produire du contenu attrayant.<\/li>\n<\/ul>\n\n\n\n<p>Pour plus d&#039;informations sur les cookies de Google Analytics, veuillez visiter la page officielle de Google Analytics.<\/p>\n\n\n\n<ul class=\"wp-block-list\">\n<li>Des analyses tierces sont utilis\u00e9es pour suivre et mesurer l&#039;utilisation de ce site afin de continuer \u00e0 produire du contenu attrayant. Ces cookies peuvent enregistrer des informations telles que le temps pass\u00e9 sur le site ou les pages que vous consultez, ce qui nous permet de mieux comprendre comment nous pouvons l&#039;am\u00e9liorer.<\/li>\n\n\n\n<li>Nous testons r\u00e9guli\u00e8rement de nouvelles fonctionnalit\u00e9s et apportons de l\u00e9g\u00e8res modifications \u00e0 l&#039;apparence du site. Pendant cette phase de test, ces cookies peuvent \u00eatre utilis\u00e9s pour garantir une exp\u00e9rience de navigation coh\u00e9rente et nous permettre de comprendre les optimisations les plus appr\u00e9ci\u00e9es par nos utilisateurs.<\/li>\n\n\n\n<li>Lorsque nous vendons des produits, il est important pour nous de comprendre les statistiques d&#039;achat de nos visiteurs. C&#039;est donc ce type de donn\u00e9es que ces cookies collectent. Ceci est important pour vous, car cela nous permet d&#039;\u00e9tablir des pr\u00e9visions commerciales pr\u00e9cises qui nous permettent de surveiller nos co\u00fbts publicitaires et produits afin de vous garantir le meilleur prix possible.<\/li>\n<\/ul>\n\n\n\n<p><strong>Engagement des utilisateurs<\/strong><\/p>\n\n\n\n<p>L&#039;utilisateur s&#039;engage \u00e0 faire un usage appropri\u00e9 du contenu et des informations que Mundos Apps propose sur le site Web et, \u00e0 titre d&#039;exemple mais sans s&#039;y limiter :<\/p>\n\n\n\n<ul class=\"wp-block-list\">\n<li>A) Ne pas se livrer \u00e0 des activit\u00e9s ill\u00e9gales ou contraires \u00e0 la bonne foi et \u00e0 l\u2019ordre public ;<\/li>\n\n\n\n<li>B) Ne pas diffuser de propagande ou de contenu \u00e0 caract\u00e8re raciste, x\u00e9nophobe, ni de maisons de paris, de jeux de hasard, de tout type de pornographie ill\u00e9gale, en faveur du terrorisme ou portant atteinte aux droits de l&#039;homme ;<\/li>\n\n\n\n<li>C) Ne pas causer de dommages aux syst\u00e8mes physiques (mat\u00e9riels) et logiques (logiciels) de Mundos Apps, de ses fournisseurs ou de tiers, introduire ou propager des virus informatiques ou tout autre syst\u00e8me physique ou logique susceptible de causer les dommages susmentionn\u00e9s.<\/li>\n<\/ul>\n\n\n\n<p><strong>Bloquer les cookies :<\/strong><\/p>\n\n\n\n<p>Vous pouvez bloquer et\/ou d\u00e9sactiver les cookies de tout site web, y compris le n\u00f4tre, \u00e0 tout moment. Pour ce faire, acc\u00e9dez aux param\u00e8tres de votre navigateur. Consultez les guides d&#039;aide des principaux navigateurs ci-dessous\u00a0:<\/p>\n\n\n\n<ul class=\"wp-block-list\">\n<li><a href=\"https:\/\/support.google.com\/accounts\/answer\/61416?hl=en\" target=\"_blank\" rel=\"noreferrer noopener\">Google Chrome<\/a><\/li>\n\n\n\n<li><a href=\"https:\/\/support.microsoft.com\/pt-br\/help\/17442\/windows-internet-explorer-delete-manage-cookies\" target=\"_blank\" rel=\"noreferrer noopener\">Microsoft Edge<\/a><\/li>\n\n\n\n<li><a href=\"https:\/\/blogs.opera.com\/news\/2015\/08\/how-to-manage-cookies-in-opera\/\" target=\"_blank\" rel=\"noreferrer noopener\">Op\u00e9ra<\/a><\/li>\n\n\n\n<li><a href=\"https:\/\/support.apple.com\/pt-br\/guide\/safari\/sfri11471\/mac\" target=\"_blank\" rel=\"noreferrer noopener\">Safari&nbsp;<\/a>&nbsp;.<\/li>\n<\/ul>\n\n\n\n<p><strong>Plus d&#039;informations<\/strong><\/p>\n\n\n\n<p>Nous esp\u00e9rons que cela a clarifi\u00e9 les choses pour vous, et comme mentionn\u00e9 pr\u00e9c\u00e9demment, s&#039;il y a quelque chose dont vous n&#039;\u00eates pas s\u00fbr d&#039;avoir besoin ou non, il est g\u00e9n\u00e9ralement plus s\u00fbr de laisser les cookies activ\u00e9s au cas o\u00f9 ils interagiraient avec l&#039;une des fonctionnalit\u00e9s que vous utilisez sur notre site.<\/p>\n\n\n\n<p>Cette politique est en vigueur \u00e0 partir du&nbsp;&nbsp;<strong>Peut<\/strong>&nbsp;\/&nbsp;<strong>2025<\/strong>&nbsp;.<\/p>","protected":false},"excerpt":{"rendered":"<p>Le respect de votre vie priv\u00e9e est important pour nous. La politique de Mundos Apps est de respecter votre vie priv\u00e9e concernant toutes les informations que nous pouvons recueillir aupr\u00e8s de vous via le site web de Mundos Apps et les autres sites que nous poss\u00e9dons et exploitons. Nous ne demandons des informations personnelles que lorsque cela est strictement n\u00e9cessaire pour vous fournir un service. Nous agissons toujours de mani\u00e8re \u00e9quitable et [\u2026]<\/p>","protected":false},"author":219,"featured_media":0,"parent":0,"menu_order":0,"comment_status":"closed","ping_status":"closed","template":"","meta":{"footnotes":""},"yoast_head":"<!-- This site is optimized with the Yoast SEO plugin v23.3 - https:\/\/yoast.com\/wordpress\/plugins\/seo\/ -->\n<title>Pol\u00edtica Privacidade - Mundos Apps<\/title>\n<meta name=\"description\" content=\"Pol\u00edtica de privacidad\" \/>\n<meta name=\"robots\" content=\"index, follow, max-snippet:-1, max-image-preview:large, max-video-preview:-1\" \/>\n<link rel=\"canonical\" href=\"https:\/\/mundosapps.com\/fr\/politica-de-privacidad\/\" \/>\n<meta property=\"og:locale\" content=\"fr_FR\" \/>\n<meta property=\"og:type\" content=\"article\" \/>\n<meta property=\"og:title\" content=\"Pol\u00edtica Privacidade - Mundos Apps\" \/>\n<meta property=\"og:description\" content=\"Pol\u00edtica de privacidad\" \/>\n<meta property=\"og:url\" content=\"https:\/\/mundosapps.com\/fr\/politica-de-privacidad\/\" \/>\n<meta property=\"og:site_name\" content=\"Mundos Apps\" \/>\n<meta property=\"article:modified_time\" content=\"2025-12-26T17:57:20+00:00\" \/>\n<meta name=\"twitter:card\" content=\"summary_large_image\" \/>\n<meta name=\"twitter:label1\" content=\"Est. reading time\" \/>\n\t<meta name=\"twitter:data1\" content=\"8 minutes\" \/>\n<script type=\"application\/ld+json\" class=\"yoast-schema-graph\">{\"@context\":\"https:\/\/schema.org\",\"@graph\":[{\"@type\":\"WebPage\",\"@id\":\"https:\/\/mundosapps.com\/politica-de-privacidad\/\",\"url\":\"https:\/\/mundosapps.com\/politica-de-privacidad\/\",\"name\":\"Pol\u00edtica Privacidade - Mundos Apps\",\"isPartOf\":{\"@id\":\"https:\/\/mundosapps.com\/#website\"},\"datePublished\":\"2024-06-14T15:33:29+00:00\",\"dateModified\":\"2025-12-26T17:57:20+00:00\",\"description\":\"Pol\u00edtica de privacidad\",\"breadcrumb\":{\"@id\":\"https:\/\/mundosapps.com\/politica-de-privacidad\/#breadcrumb\"},\"inLanguage\":\"fr-FR\",\"potentialAction\":[{\"@type\":\"ReadAction\",\"target\":[\"https:\/\/mundosapps.com\/politica-de-privacidad\/\"]}]},{\"@type\":\"BreadcrumbList\",\"@id\":\"https:\/\/mundosapps.com\/politica-de-privacidad\/#breadcrumb\",\"itemListElement\":[{\"@type\":\"ListItem\",\"position\":1,\"name\":\"Home\",\"item\":\"https:\/\/mundosapps.com\/\"},{\"@type\":\"ListItem\",\"position\":2,\"name\":\"Pol\u00edtica Privacidade\"}]},{\"@type\":\"WebSite\",\"@id\":\"https:\/\/mundosapps.com\/#website\",\"url\":\"https:\/\/mundosapps.com\/\",\"name\":\"Mundos Apps\",\"description\":\"\",\"publisher\":{\"@id\":\"https:\/\/mundosapps.com\/#organization\"},\"potentialAction\":[{\"@type\":\"SearchAction\",\"target\":{\"@type\":\"EntryPoint\",\"urlTemplate\":\"https:\/\/mundosapps.com\/?s={search_term_string}\"},\"query-input\":\"required name=search_term_string\"}],\"inLanguage\":\"fr-FR\"},{\"@type\":\"Organization\",\"@id\":\"https:\/\/mundosapps.com\/#organization\",\"name\":\"Mundos Apps\",\"url\":\"https:\/\/mundosapps.com\/\",\"logo\":{\"@type\":\"ImageObject\",\"inLanguage\":\"fr-FR\",\"@id\":\"https:\/\/mundosapps.com\/#\/schema\/logo\/image\/\",\"url\":\"https:\/\/mundosapps.com\/wp-content\/uploads\/sites\/290\/2025\/12\/cropped-LOGO-MUNDOS-APPS.png\",\"contentUrl\":\"https:\/\/mundosapps.com\/wp-content\/uploads\/sites\/290\/2025\/12\/cropped-LOGO-MUNDOS-APPS.png\",\"width\":180,\"height\":60,\"caption\":\"Mundos Apps\"},\"image\":{\"@id\":\"https:\/\/mundosapps.com\/#\/schema\/logo\/image\/\"}}]}<\/script>\n<!-- \/ Yoast SEO plugin. -->","yoast_head_json":{"title":"Pol\u00edtica Privacidade - Mundos Apps","description":"Pol\u00edtica de privacidad","robots":{"index":"index","follow":"follow","max-snippet":"max-snippet:-1","max-image-preview":"max-image-preview:large","max-video-preview":"max-video-preview:-1"},"canonical":"https:\/\/mundosapps.com\/fr\/politica-de-privacidad\/","og_locale":"fr_FR","og_type":"article","og_title":"Pol\u00edtica Privacidade - Mundos Apps","og_description":"Pol\u00edtica de privacidad","og_url":"https:\/\/mundosapps.com\/fr\/politica-de-privacidad\/","og_site_name":"Mundos Apps","article_modified_time":"2025-12-26T17:57:20+00:00","twitter_card":"summary_large_image","twitter_misc":{"Est. reading time":"8 minutes"},"schema":{"@context":"https:\/\/schema.org","@graph":[{"@type":"WebPage","@id":"https:\/\/mundosapps.com\/politica-de-privacidad\/","url":"https:\/\/mundosapps.com\/politica-de-privacidad\/","name":"Pol\u00edtica Privacidade - Mundos Apps","isPartOf":{"@id":"https:\/\/mundosapps.com\/#website"},"datePublished":"2024-06-14T15:33:29+00:00","dateModified":"2025-12-26T17:57:20+00:00","description":"Pol\u00edtica de privacidad","breadcrumb":{"@id":"https:\/\/mundosapps.com\/politica-de-privacidad\/#breadcrumb"},"inLanguage":"fr-FR","potentialAction":[{"@type":"ReadAction","target":["https:\/\/mundosapps.com\/politica-de-privacidad\/"]}]},{"@type":"BreadcrumbList","@id":"https:\/\/mundosapps.com\/politica-de-privacidad\/#breadcrumb","itemListElement":[{"@type":"ListItem","position":1,"name":"Home","item":"https:\/\/mundosapps.com\/"},{"@type":"ListItem","position":2,"name":"Pol\u00edtica Privacidade"}]},{"@type":"WebSite","@id":"https:\/\/mundosapps.com\/#website","url":"https:\/\/mundosapps.com\/","name":"Mundos Apps","description":"","publisher":{"@id":"https:\/\/mundosapps.com\/#organization"},"potentialAction":[{"@type":"SearchAction","target":{"@type":"EntryPoint","urlTemplate":"https:\/\/mundosapps.com\/?s={search_term_string}"},"query-input":"required name=search_term_string"}],"inLanguage":"fr-FR"},{"@type":"Organization","@id":"https:\/\/mundosapps.com\/#organization","name":"Mundos Apps","url":"https:\/\/mundosapps.com\/","logo":{"@type":"ImageObject","inLanguage":"fr-FR","@id":"https:\/\/mundosapps.com\/#\/schema\/logo\/image\/","url":"https:\/\/mundosapps.com\/wp-content\/uploads\/sites\/290\/2025\/12\/cropped-LOGO-MUNDOS-APPS.png","contentUrl":"https:\/\/mundosapps.com\/wp-content\/uploads\/sites\/290\/2025\/12\/cropped-LOGO-MUNDOS-APPS.png","width":180,"height":60,"caption":"Mundos Apps"},"image":{"@id":"https:\/\/mundosapps.com\/#\/schema\/logo\/image\/"}}]}},"_links":{"self":[{"href":"https:\/\/mundosapps.com\/fr\/wp-json\/wp\/v2\/pages\/18"}],"collection":[{"href":"https:\/\/mundosapps.com\/fr\/wp-json\/wp\/v2\/pages"}],"about":[{"href":"https:\/\/mundosapps.com\/fr\/wp-json\/wp\/v2\/types\/page"}],"author":[{"embeddable":true,"href":"https:\/\/mundosapps.com\/fr\/wp-json\/wp\/v2\/users\/219"}],"replies":[{"embeddable":true,"href":"https:\/\/mundosapps.com\/fr\/wp-json\/wp\/v2\/comments?post=18"}],"version-history":[{"count":2,"href":"https:\/\/mundosapps.com\/fr\/wp-json\/wp\/v2\/pages\/18\/revisions"}],"predecessor-version":[{"id":2591,"href":"https:\/\/mundosapps.com\/fr\/wp-json\/wp\/v2\/pages\/18\/revisions\/2591"}],"wp:attachment":[{"href":"https:\/\/mundosapps.com\/fr\/wp-json\/wp\/v2\/media?parent=18"}],"curies":[{"name":"wp","href":"https:\/\/api.w.org\/{rel}","templated":true}]}}