    {"id":13,"date":"2024-06-14T12:32:23","date_gmt":"2024-06-14T15:32:23","guid":{"rendered":"https:\/\/mundosapps.com\/?page_id=13"},"modified":"2025-07-30T01:40:13","modified_gmt":"2025-07-30T01:40:13","slug":"contacto","status":"publish","type":"page","link":"https:\/\/mundosapps.com\/fr\/contacto\/","title":{"rendered":"Contact"},"content":{"rendered":"<p>Nous sommes ravis de vous lire ! Chez Imedias, nous accordons une importance particuli\u00e8re \u00e0 une communication ouverte, claire et honn\u00eate avec nos lecteurs et nos clients.<\/p>\n\n\n\n<p>Si vous avez des questions, des suggestions, des commentaires ou souhaitez simplement nous contacter, veuillez utiliser le formulaire ci-dessous. Nous serons ravis de vous r\u00e9pondre.<\/p>\n\n\n\n<h3 class=\"wp-block-heading\"><strong>Parlons-en<\/strong><\/h3>\n\n\n\n<p>Avez-vous des questions ou des recommandations\u00a0? N&#039;h\u00e9sitez pas \u00e0 nous contacter via le formulaire ci-dessous. Nous sommes l\u00e0 pour vous aider.<\/p>\n\n\n<div class=\"wpforms-container wpforms-container-full wpforms-block wpforms-block-8aa28e63-51e0-49ed-88cb-911a81166162 wpforms-render-modern\" id=\"wpforms-1502\"><form id=\"wpforms-form-1502\" class=\"wpforms-validate wpforms-form wpforms-ajax-form\" data-formid=\"1502\" method=\"post\" enctype=\"multipart\/form-data\" action=\"\/fr\/wp-json\/wp\/v2\/pages\/13\" data-token=\"65b7910733797cbc3827e9e790bda03e\" data-token-time=\"1775444011\" data-trp-original-action=\"\/fr\/wp-json\/wp\/v2\/pages\/13\"><noscript class=\"wpforms-error-noscript\">Vuillez activer JavaScript dans votre navigateur pour remplir ce formulaire.<\/noscript><div class=\"wpforms-hidden\" id=\"wpforms-error-noscript\">Vuillez activer JavaScript dans votre navigateur pour remplir ce formulaire.<\/div><div class=\"wpforms-field-container\"><div id=\"wpforms-1502-field_1-container\" class=\"wpforms-field wpforms-field-name\" data-field-id=\"1\"><fieldset><legend class=\"wpforms-field-label\">Nom <span class=\"wpforms-required-label\" aria-hidden=\"true\">*<\/span><\/legend><div class=\"wpforms-field-row wpforms-field-medium\"><div class=\"wpforms-field-row-block wpforms-first wpforms-one-half\"><input type=\"text\" id=\"wpforms-1502-field_1\" class=\"wpforms-field-name-first wpforms-field-required\" name=\"wpforms[fields][1][first]\" aria-errormessage=\"wpforms-1502-field_1-error\" required><label for=\"wpforms-1502-field_1\" class=\"wpforms-field-sublabel after\">Pr\u00e9nom<\/label><\/div><div class=\"wpforms-field-row-block wpforms-one-half\"><input type=\"text\" id=\"wpforms-1502-field_1-last\" class=\"wpforms-field-name-last wpforms-field-required\" name=\"wpforms[fields][1][last]\" aria-errormessage=\"wpforms-1502-field_1-last-error\" required><label for=\"wpforms-1502-field_1-last\" class=\"wpforms-field-sublabel after\">Nom<\/label><\/div><\/div><\/fieldset><\/div><div id=\"wpforms-1502-field_4-container\" class=\"wpforms-field wpforms-field-text\" data-field-id=\"4\"><label class=\"wpforms-field-label\" for=\"wpforms-1502-field_4\">Affaire<\/label><input type=\"text\" id=\"wpforms-1502-field_4\" class=\"wpforms-field-medium\" name=\"wpforms[fields][4]\" aria-errormessage=\"wpforms-1502-field_4-error\" ><\/div><div id=\"wpforms-1502-field_2-container\" class=\"wpforms-field wpforms-field-email\" data-field-id=\"2\"><label class=\"wpforms-field-label\" for=\"wpforms-1502-field_2\">E-mail <span class=\"wpforms-required-label\" aria-hidden=\"true\">*<\/span><\/label><input type=\"email\" id=\"wpforms-1502-field_2\" class=\"wpforms-field-medium wpforms-field-required\" name=\"wpforms[fields][2]\" spellcheck=\"false\" aria-errormessage=\"wpforms-1502-field_2-error\" required><\/div>\t\t<div id=\"wpforms-1502-field_5-container\"\n\t\t\tclass=\"wpforms-field wpforms-field-text\"\n\t\t\tdata-field-type=\"text\"\n\t\t\tdata-field-id=\"5\"\n\t\t\t>\n\t\t\t<label class=\"wpforms-field-label\" for=\"wpforms-1502-field_5\" >Nom Message Commentaire<\/label>\n\t\t\t<input type=\"text\" id=\"wpforms-1502-field_5\" class=\"wpforms-field-medium\" name=\"wpforms[fields][5]\" >\n\t\t<\/div>\n\t\t<div id=\"wpforms-1502-field_3-container\" class=\"wpforms-field wpforms-field-textarea\" data-field-id=\"3\"><label class=\"wpforms-field-label\" for=\"wpforms-1502-field_3\">Commentaire ou message<\/label><textarea id=\"wpforms-1502-field_3\" class=\"wpforms-field-medium\" name=\"wpforms[fields][3]\" aria-errormessage=\"wpforms-1502-field_3-error\" ><\/textarea><\/div><script>\n\t\t\t\t( function() {\n\t\t\t\t\tconst style = document.createElement( 'style' );\n\t\t\t\t\tstyle.appendChild( document.createTextNode( '#wpforms-1502-field_5-container { position: absolute !important; overflow: hidden !important; display: inline !important; height: 1px !important; width: 1px !important; z-index: -1000 !important; padding: 0 !important; } #wpforms-1502-field_5-container input { visibility: hidden; } #wpforms-conversational-form-page #wpforms-1502-field_5-container label { counter-increment: none; }' ) );\n\t\t\t\t\tdocument.head.appendChild( style );\n\t\t\t\t\tdocument.currentScript?.remove();\n\t\t\t\t} )();\n\t\t\t<\/script><\/div><!-- .wpforms-field-container --><div class=\"wpforms-submit-container\" ><input type=\"hidden\" name=\"wpforms[id]\" value=\"1502\"><input type=\"hidden\" name=\"page_title\" value=\"\"><input type=\"hidden\" name=\"page_url\" value=\"https:\/\/mundosapps.com\/fr\/wp-json\/wp\/v2\/pages\/13\"><input type=\"hidden\" name=\"url_referer\" value=\"\"><button type=\"submit\" name=\"wpforms[submit]\" id=\"wpforms-submit-1502\" class=\"wpforms-submit\" data-alt-text=\"Enviando\u2026\" data-submit-text=\"Enviar\" aria-live=\"assertive\" value=\"wpforms-submit\">Envoyer<\/button><img loading=\"lazy\" decoding=\"async\" src=\"https:\/\/mundosapps.com\/wp-content\/plugins\/wpforms-lite\/assets\/images\/submit-spin.svg\" class=\"wpforms-submit-spinner\" style=\"display: none;\" width=\"26\" height=\"26\" alt=\"Chargement en cours\"><\/div><input type=\"hidden\" name=\"trp-form-language\" value=\"fr\"\/><\/form><\/div>  <!-- .wpforms-container -->","protected":false},"excerpt":{"rendered":"<p>Nous adorons recevoir vos messages ! Chez Imedias, nous privil\u00e9gions une communication \u00e9troite, claire et honn\u00eate avec nos lecteurs et clients. Si vous avez des questions, des suggestions, des commentaires ou si vous souhaitez simplement discuter avec nous, veuillez utiliser le formulaire ci-dessous. Nous serons ravis de vous r\u00e9pondre. Parlons-en ! Avez-vous des questions ou des recommandations ? N&#039;h\u00e9sitez pas \u00e0 nous \u00e9crire via le formulaire ci-dessous. Nous sommes [\u2026]<\/p>","protected":false},"author":139,"featured_media":0,"parent":0,"menu_order":0,"comment_status":"closed","ping_status":"closed","template":"","meta":{"footnotes":""},"yoast_head":"<!-- This site is optimized with the Yoast SEO plugin v23.3 - https:\/\/yoast.com\/wordpress\/plugins\/seo\/ -->\n<title>Contacto - Mundos Apps<\/title>\n<meta name=\"description\" content=\"Contacto\" \/>\n<meta name=\"robots\" content=\"index, follow, max-snippet:-1, max-image-preview:large, max-video-preview:-1\" \/>\n<link rel=\"canonical\" href=\"https:\/\/mundosapps.com\/fr\/contacto\/\" \/>\n<meta property=\"og:locale\" content=\"fr_FR\" \/>\n<meta property=\"og:type\" content=\"article\" \/>\n<meta property=\"og:title\" content=\"Contacto - Mundos Apps\" \/>\n<meta property=\"og:description\" content=\"Contacto\" \/>\n<meta property=\"og:url\" content=\"https:\/\/mundosapps.com\/fr\/contacto\/\" \/>\n<meta property=\"og:site_name\" content=\"Mundos Apps\" \/>\n<meta property=\"article:modified_time\" content=\"2025-07-30T01:40:13+00:00\" \/>\n<meta name=\"twitter:card\" content=\"summary_large_image\" \/>\n<meta name=\"twitter:label1\" content=\"Est. reading time\" \/>\n\t<meta name=\"twitter:data1\" content=\"1 minute\" \/>\n<script type=\"application\/ld+json\" class=\"yoast-schema-graph\">{\"@context\":\"https:\/\/schema.org\",\"@graph\":[{\"@type\":\"WebPage\",\"@id\":\"https:\/\/mundosapps.com\/contacto\/\",\"url\":\"https:\/\/mundosapps.com\/contacto\/\",\"name\":\"Contacto - Mundos Apps\",\"isPartOf\":{\"@id\":\"https:\/\/mundosapps.com\/#website\"},\"datePublished\":\"2024-06-14T15:32:23+00:00\",\"dateModified\":\"2025-07-30T01:40:13+00:00\",\"description\":\"Contacto\",\"breadcrumb\":{\"@id\":\"https:\/\/mundosapps.com\/contacto\/#breadcrumb\"},\"inLanguage\":\"fr-FR\",\"potentialAction\":[{\"@type\":\"ReadAction\",\"target\":[\"https:\/\/mundosapps.com\/contacto\/\"]}]},{\"@type\":\"BreadcrumbList\",\"@id\":\"https:\/\/mundosapps.com\/contacto\/#breadcrumb\",\"itemListElement\":[{\"@type\":\"ListItem\",\"position\":1,\"name\":\"Home\",\"item\":\"https:\/\/mundosapps.com\/\"},{\"@type\":\"ListItem\",\"position\":2,\"name\":\"Contacto\"}]},{\"@type\":\"WebSite\",\"@id\":\"https:\/\/mundosapps.com\/#website\",\"url\":\"https:\/\/mundosapps.com\/\",\"name\":\"Mundos Apps\",\"description\":\"\",\"publisher\":{\"@id\":\"https:\/\/mundosapps.com\/#organization\"},\"potentialAction\":[{\"@type\":\"SearchAction\",\"target\":{\"@type\":\"EntryPoint\",\"urlTemplate\":\"https:\/\/mundosapps.com\/?s={search_term_string}\"},\"query-input\":\"required name=search_term_string\"}],\"inLanguage\":\"fr-FR\"},{\"@type\":\"Organization\",\"@id\":\"https:\/\/mundosapps.com\/#organization\",\"name\":\"Mundos Apps\",\"url\":\"https:\/\/mundosapps.com\/\",\"logo\":{\"@type\":\"ImageObject\",\"inLanguage\":\"fr-FR\",\"@id\":\"https:\/\/mundosapps.com\/#\/schema\/logo\/image\/\",\"url\":\"https:\/\/mundosapps.com\/wp-content\/uploads\/sites\/290\/2025\/12\/cropped-LOGO-MUNDOS-APPS.png\",\"contentUrl\":\"https:\/\/mundosapps.com\/wp-content\/uploads\/sites\/290\/2025\/12\/cropped-LOGO-MUNDOS-APPS.png\",\"width\":180,\"height\":60,\"caption\":\"Mundos Apps\"},\"image\":{\"@id\":\"https:\/\/mundosapps.com\/#\/schema\/logo\/image\/\"}}]}<\/script>\n<!-- \/ Yoast SEO plugin. -->","yoast_head_json":{"title":"Contacto - Mundos Apps","description":"Contacto","robots":{"index":"index","follow":"follow","max-snippet":"max-snippet:-1","max-image-preview":"max-image-preview:large","max-video-preview":"max-video-preview:-1"},"canonical":"https:\/\/mundosapps.com\/fr\/contacto\/","og_locale":"fr_FR","og_type":"article","og_title":"Contacto - Mundos Apps","og_description":"Contacto","og_url":"https:\/\/mundosapps.com\/fr\/contacto\/","og_site_name":"Mundos Apps","article_modified_time":"2025-07-30T01:40:13+00:00","twitter_card":"summary_large_image","twitter_misc":{"Est. reading time":"1 minute"},"schema":{"@context":"https:\/\/schema.org","@graph":[{"@type":"WebPage","@id":"https:\/\/mundosapps.com\/contacto\/","url":"https:\/\/mundosapps.com\/contacto\/","name":"Contacto - Mundos Apps","isPartOf":{"@id":"https:\/\/mundosapps.com\/#website"},"datePublished":"2024-06-14T15:32:23+00:00","dateModified":"2025-07-30T01:40:13+00:00","description":"Contacto","breadcrumb":{"@id":"https:\/\/mundosapps.com\/contacto\/#breadcrumb"},"inLanguage":"fr-FR","potentialAction":[{"@type":"ReadAction","target":["https:\/\/mundosapps.com\/contacto\/"]}]},{"@type":"BreadcrumbList","@id":"https:\/\/mundosapps.com\/contacto\/#breadcrumb","itemListElement":[{"@type":"ListItem","position":1,"name":"Home","item":"https:\/\/mundosapps.com\/"},{"@type":"ListItem","position":2,"name":"Contacto"}]},{"@type":"WebSite","@id":"https:\/\/mundosapps.com\/#website","url":"https:\/\/mundosapps.com\/","name":"Mundos Apps","description":"","publisher":{"@id":"https:\/\/mundosapps.com\/#organization"},"potentialAction":[{"@type":"SearchAction","target":{"@type":"EntryPoint","urlTemplate":"https:\/\/mundosapps.com\/?s={search_term_string}"},"query-input":"required name=search_term_string"}],"inLanguage":"fr-FR"},{"@type":"Organization","@id":"https:\/\/mundosapps.com\/#organization","name":"Mundos Apps","url":"https:\/\/mundosapps.com\/","logo":{"@type":"ImageObject","inLanguage":"fr-FR","@id":"https:\/\/mundosapps.com\/#\/schema\/logo\/image\/","url":"https:\/\/mundosapps.com\/wp-content\/uploads\/sites\/290\/2025\/12\/cropped-LOGO-MUNDOS-APPS.png","contentUrl":"https:\/\/mundosapps.com\/wp-content\/uploads\/sites\/290\/2025\/12\/cropped-LOGO-MUNDOS-APPS.png","width":180,"height":60,"caption":"Mundos Apps"},"image":{"@id":"https:\/\/mundosapps.com\/#\/schema\/logo\/image\/"}}]}},"_links":{"self":[{"href":"https:\/\/mundosapps.com\/fr\/wp-json\/wp\/v2\/pages\/13"}],"collection":[{"href":"https:\/\/mundosapps.com\/fr\/wp-json\/wp\/v2\/pages"}],"about":[{"href":"https:\/\/mundosapps.com\/fr\/wp-json\/wp\/v2\/types\/page"}],"author":[{"embeddable":true,"href":"https:\/\/mundosapps.com\/fr\/wp-json\/wp\/v2\/users\/139"}],"replies":[{"embeddable":true,"href":"https:\/\/mundosapps.com\/fr\/wp-json\/wp\/v2\/comments?post=13"}],"version-history":[{"count":2,"href":"https:\/\/mundosapps.com\/fr\/wp-json\/wp\/v2\/pages\/13\/revisions"}],"predecessor-version":[{"id":1505,"href":"https:\/\/mundosapps.com\/fr\/wp-json\/wp\/v2\/pages\/13\/revisions\/1505"}],"wp:attachment":[{"href":"https:\/\/mundosapps.com\/fr\/wp-json\/wp\/v2\/media?parent=13"}],"curies":[{"name":"wp","href":"https:\/\/api.w.org\/{rel}","templated":true}]}}