    {"id":22,"date":"2024-06-14T12:34:15","date_gmt":"2024-06-14T15:34:15","guid":{"rendered":"https:\/\/mundosapps.com\/?page_id=22"},"modified":"2024-06-14T12:34:15","modified_gmt":"2024-06-14T15:34:15","slug":"terminos-y-condiciones-de-uso","status":"publish","type":"page","link":"https:\/\/mundosapps.com\/es\/terminos-y-condiciones-de-uso\/","title":{"rendered":"T\u00e9rminos y condiciones de uso"},"content":{"rendered":"<h2 class=\"wp-block-heading\">1. T\u00e9rminos<\/h2>\n\n\n\n<p>Al acceder al sitio web de Mundos Apps, usted acepta cumplir con estos t\u00e9rminos de servicio, todas las leyes y reglamentos aplicables, y acepta que es responsable del cumplimiento de cualquier ley local aplicable.<\/p>\n\n\n\n<p>Si no est\u00e1 de acuerdo con cualquiera de estos t\u00e9rminos, se le proh\u00edbe utilizar o acceder a este sitio. Los materiales de este sitio est\u00e1n protegidos por las leyes aplicables sobre derechos de autor y marcas registradas.<\/p>\n\n\n\n<h2 class=\"wp-block-heading\">2. Uso de la licencia<\/h2>\n\n\n\n<p>Se concede permiso para descargar temporalmente una copia de los materiales (informaci\u00f3n o software) del sitio web de Mundos Apps \u00fanicamente para su visualizaci\u00f3n personal, no comercial y transitoria.<\/p>\n\n\n\n<p>Esta es la concesi\u00f3n de una licencia, no una transferencia de t\u00edtulo, y bajo esta licencia usted no puede:<\/p>\n\n\n\n<ul>\n<li>modificar o copiar los materiales;<\/li>\n\n\n\n<li>utilizar los materiales para cualquier prop\u00f3sito comercial o para su exhibici\u00f3n p\u00fablica (comercial o no comercial);<\/li>\n\n\n\n<li>intentar descompilar o realizar ingenier\u00eda inversa de cualquier software contenido en el sitio web de Mundos Apps;<\/li>\n\n\n\n<li>eliminar cualquier derecho de autor u otras anotaciones de propiedad de los materiales;<\/li>\n<\/ul>\n\n\n\n<p>o transferir los materiales a otra persona o &#8216;reflejar&#8217; los materiales en cualquier otro servidor.<\/p>\n\n\n\n<p>Esta licencia terminar\u00e1 autom\u00e1ticamente si usted viola cualquiera de estas restricciones y puede ser terminada por Mundos Apps en cualquier momento.<\/p>\n\n\n\n<p>Una vez finalizada la visualizaci\u00f3n de estos materiales o la rescisi\u00f3n de esta licencia, deber\u00e1 eliminar todos los materiales descargados que obren en su poder, ya sea en formato electr\u00f3nico o impreso.<\/p>\n\n\n\n<h2 class=\"wp-block-heading\">3. Descargo de responsabilidad<\/h2>\n\n\n\n<p>Los materiales del sitio web de Mundos Apps se proporcionan &#8220;tal cual&#8221;.<\/p>\n\n\n\n<p>Mundos Apps no ofrece ninguna garant\u00eda, expresa o impl\u00edcita, y por la presente renuncia y niega cualquier otra garant\u00eda, incluyendo, sin limitaci\u00f3n, las garant\u00edas o condiciones impl\u00edcitas de comerciabilidad, idoneidad para un prop\u00f3sito particular, o no infracci\u00f3n de la propiedad intelectual o cualquier otra violaci\u00f3n de los derechos.<\/p>\n\n\n\n<p>Adem\u00e1s, Mundos Apps no garantiza ni hace ninguna representaci\u00f3n con respecto a la exactitud, los resultados probables, o la fiabilidad de la utilizaci\u00f3n de los materiales en su sitio web de Internet o de otro tipo relativa a dichos materiales o en cualquier sitio vinculado a este sitio.<\/p>\n\n\n\n<h2 class=\"wp-block-heading\">4. Limitaciones<\/h2>\n\n\n\n<p>En ning\u00fan caso Mundos Apps o sus proveedores ser\u00e1n responsables de cualquier da\u00f1o (incluyendo, sin limitaci\u00f3n, da\u00f1os por p\u00e9rdida de datos o beneficios, o debido a la interrupci\u00f3n del negocio) que surjan del uso o la imposibilidad de usar los materiales en Mundos Apps, incluso si Mundos Apps o un representante autorizado de Mundos Apps ha sido notificado oralmente o por escrito de la posibilidad de tales da\u00f1os.<\/p>\n\n\n\n<p>Debido a que algunas jurisdicciones no permiten limitaciones en las garant\u00edas impl\u00edcitas, o limitaciones de responsabilidad por da\u00f1os consecuenciales o incidentales, estas limitaciones pueden no aplicarse a usted.<\/p>\n\n\n\n<h2 class=\"wp-block-heading\">5. Exactitud de los materiales<\/h2>\n\n\n\n<p>Los materiales que aparecen en el sitio web de Mundos Apps podr\u00edan incluir errores t\u00e9cnicos, tipogr\u00e1ficos o fotogr\u00e1ficos.<\/p>\n\n\n\n<p>Mundos Apps no garantiza que ninguno de los materiales de su sitio web sea preciso, completo o actual.<\/p>\n\n\n\n<p>Mundos Apps puede hacer cambios a los materiales contenidos en su sitio web en cualquier momento sin previo aviso.<\/p>\n\n\n\n<p>Sin embargo, Mundos Apps no se compromete a actualizar los materiales.<\/p>\n\n\n\n<h2 class=\"wp-block-heading\">6. Enlaces<\/h2>\n\n\n\n<p>Mundos Apps no ha analizado todos los sitios vinculados a su sitio web y no es responsable de los contenidos de dichos sitios vinculados.<\/p>\n\n\n\n<p>La inclusi\u00f3n de cualquier enlace no implica la aprobaci\u00f3n del sitio por parte de Mundos Apps.<\/p>\n\n\n\n<p>El uso de cualquier sitio vinculado es bajo el propio riesgo del usuario.<\/p>\n\n\n\n<h3 class=\"wp-block-heading\">Modificaciones<\/h3>\n\n\n\n<p>Mundos Apps puede revisar estos t\u00e9rminos de servicio en cualquier momento sin previo aviso.<\/p>\n\n\n\n<p>Al utilizar este sitio, usted acepta estar obligado por la versi\u00f3n vigente en ese momento de estos t\u00e9rminos de servicio.<\/p>\n\n\n\n<h3 class=\"wp-block-heading\">Legislaci\u00f3n aplicable<\/h3>\n\n\n\n<p>Estos t\u00e9rminos y condiciones se rigen e interpretan de acuerdo con las leyes de Mundos Apps y usted se somete irrevocablemente a la jurisdicci\u00f3n exclusiva de los tribunales de ese estado o ubicaci\u00f3n.<\/p>","protected":false},"excerpt":{"rendered":"<p>1. T\u00e9rminos Al acceder al sitio web de Mundos Apps, usted acepta cumplir con estos t\u00e9rminos de servicio, todas las leyes y reglamentos aplicables, y acepta que es responsable del cumplimiento de cualquier ley local aplicable. Si no est\u00e1 de acuerdo con cualquiera de estos t\u00e9rminos, se le proh\u00edbe utilizar o acceder a este sitio. [&hellip;]<\/p>","protected":false},"author":0,"featured_media":0,"parent":0,"menu_order":0,"comment_status":"closed","ping_status":"closed","template":"","meta":{"footnotes":""},"yoast_head":"<!-- This site is optimized with the Yoast SEO plugin v23.3 - https:\/\/yoast.com\/wordpress\/plugins\/seo\/ -->\n<title>T\u00e9rminos y condiciones de uso - Mundos Apps<\/title>\n<meta name=\"description\" content=\"T\u00e9rminos y condiciones de uso. Al acceder al sitio web de Mundos Apps, usted acepta cu...\" \/>\n<meta name=\"robots\" content=\"index, follow, max-snippet:-1, max-image-preview:large, max-video-preview:-1\" \/>\n<link rel=\"canonical\" href=\"https:\/\/mundosapps.com\/es\/terminos-y-condiciones-de-uso\/\" \/>\n<meta property=\"og:locale\" content=\"es_ES\" \/>\n<meta property=\"og:type\" content=\"article\" \/>\n<meta property=\"og:title\" content=\"T\u00e9rminos y condiciones de uso - Mundos Apps\" \/>\n<meta property=\"og:description\" content=\"T\u00e9rminos y condiciones de uso. Al acceder al sitio web de Mundos Apps, usted acepta cu...\" \/>\n<meta property=\"og:url\" content=\"https:\/\/mundosapps.com\/es\/terminos-y-condiciones-de-uso\/\" \/>\n<meta property=\"og:site_name\" content=\"Mundos Apps\" \/>\n<meta name=\"twitter:card\" content=\"summary_large_image\" \/>\n<meta name=\"twitter:label1\" content=\"Est. reading time\" \/>\n\t<meta name=\"twitter:data1\" content=\"4 minutos\" \/>\n<script type=\"application\/ld+json\" class=\"yoast-schema-graph\">{\"@context\":\"https:\/\/schema.org\",\"@graph\":[{\"@type\":\"WebPage\",\"@id\":\"https:\/\/mundosapps.com\/terminos-y-condiciones-de-uso\/\",\"url\":\"https:\/\/mundosapps.com\/terminos-y-condiciones-de-uso\/\",\"name\":\"T\u00e9rminos y condiciones de uso - Mundos Apps\",\"isPartOf\":{\"@id\":\"https:\/\/mundosapps.com\/#website\"},\"datePublished\":\"2024-06-14T15:34:15+00:00\",\"dateModified\":\"2024-06-14T15:34:15+00:00\",\"description\":\"T\u00e9rminos y condiciones de uso. Al acceder al sitio web de Mundos Apps, usted acepta cu...\",\"breadcrumb\":{\"@id\":\"https:\/\/mundosapps.com\/terminos-y-condiciones-de-uso\/#breadcrumb\"},\"inLanguage\":\"es\",\"potentialAction\":[{\"@type\":\"ReadAction\",\"target\":[\"https:\/\/mundosapps.com\/terminos-y-condiciones-de-uso\/\"]}]},{\"@type\":\"BreadcrumbList\",\"@id\":\"https:\/\/mundosapps.com\/terminos-y-condiciones-de-uso\/#breadcrumb\",\"itemListElement\":[{\"@type\":\"ListItem\",\"position\":1,\"name\":\"Home\",\"item\":\"https:\/\/mundosapps.com\/\"},{\"@type\":\"ListItem\",\"position\":2,\"name\":\"T\u00e9rminos y condiciones de uso\"}]},{\"@type\":\"WebSite\",\"@id\":\"https:\/\/mundosapps.com\/#website\",\"url\":\"https:\/\/mundosapps.com\/\",\"name\":\"Mundos Apps\",\"description\":\"\",\"publisher\":{\"@id\":\"https:\/\/mundosapps.com\/#organization\"},\"potentialAction\":[{\"@type\":\"SearchAction\",\"target\":{\"@type\":\"EntryPoint\",\"urlTemplate\":\"https:\/\/mundosapps.com\/?s={search_term_string}\"},\"query-input\":\"required name=search_term_string\"}],\"inLanguage\":\"es\"},{\"@type\":\"Organization\",\"@id\":\"https:\/\/mundosapps.com\/#organization\",\"name\":\"Mundos Apps\",\"url\":\"https:\/\/mundosapps.com\/\",\"logo\":{\"@type\":\"ImageObject\",\"inLanguage\":\"es\",\"@id\":\"https:\/\/mundosapps.com\/#\/schema\/logo\/image\/\",\"url\":\"https:\/\/mundosapps.com\/wp-content\/uploads\/sites\/290\/2025\/12\/cropped-LOGO-MUNDOS-APPS.png\",\"contentUrl\":\"https:\/\/mundosapps.com\/wp-content\/uploads\/sites\/290\/2025\/12\/cropped-LOGO-MUNDOS-APPS.png\",\"width\":180,\"height\":60,\"caption\":\"Mundos Apps\"},\"image\":{\"@id\":\"https:\/\/mundosapps.com\/#\/schema\/logo\/image\/\"}}]}<\/script>\n<!-- \/ Yoast SEO plugin. -->","yoast_head_json":{"title":"T\u00e9rminos y condiciones de uso - Mundos Apps","description":"T\u00e9rminos y condiciones de uso. Al acceder al sitio web de Mundos Apps, usted acepta cu...","robots":{"index":"index","follow":"follow","max-snippet":"max-snippet:-1","max-image-preview":"max-image-preview:large","max-video-preview":"max-video-preview:-1"},"canonical":"https:\/\/mundosapps.com\/es\/terminos-y-condiciones-de-uso\/","og_locale":"es_ES","og_type":"article","og_title":"T\u00e9rminos y condiciones de uso - Mundos Apps","og_description":"T\u00e9rminos y condiciones de uso. Al acceder al sitio web de Mundos Apps, usted acepta cu...","og_url":"https:\/\/mundosapps.com\/es\/terminos-y-condiciones-de-uso\/","og_site_name":"Mundos Apps","twitter_card":"summary_large_image","twitter_misc":{"Est. reading time":"4 minutos"},"schema":{"@context":"https:\/\/schema.org","@graph":[{"@type":"WebPage","@id":"https:\/\/mundosapps.com\/terminos-y-condiciones-de-uso\/","url":"https:\/\/mundosapps.com\/terminos-y-condiciones-de-uso\/","name":"T\u00e9rminos y condiciones de uso - Mundos Apps","isPartOf":{"@id":"https:\/\/mundosapps.com\/#website"},"datePublished":"2024-06-14T15:34:15+00:00","dateModified":"2024-06-14T15:34:15+00:00","description":"T\u00e9rminos y condiciones de uso. Al acceder al sitio web de Mundos Apps, usted acepta cu...","breadcrumb":{"@id":"https:\/\/mundosapps.com\/terminos-y-condiciones-de-uso\/#breadcrumb"},"inLanguage":"es","potentialAction":[{"@type":"ReadAction","target":["https:\/\/mundosapps.com\/terminos-y-condiciones-de-uso\/"]}]},{"@type":"BreadcrumbList","@id":"https:\/\/mundosapps.com\/terminos-y-condiciones-de-uso\/#breadcrumb","itemListElement":[{"@type":"ListItem","position":1,"name":"Home","item":"https:\/\/mundosapps.com\/"},{"@type":"ListItem","position":2,"name":"T\u00e9rminos y condiciones de uso"}]},{"@type":"WebSite","@id":"https:\/\/mundosapps.com\/#website","url":"https:\/\/mundosapps.com\/","name":"Mundos Apps","description":"","publisher":{"@id":"https:\/\/mundosapps.com\/#organization"},"potentialAction":[{"@type":"SearchAction","target":{"@type":"EntryPoint","urlTemplate":"https:\/\/mundosapps.com\/?s={search_term_string}"},"query-input":"required name=search_term_string"}],"inLanguage":"es"},{"@type":"Organization","@id":"https:\/\/mundosapps.com\/#organization","name":"Mundos Apps","url":"https:\/\/mundosapps.com\/","logo":{"@type":"ImageObject","inLanguage":"es","@id":"https:\/\/mundosapps.com\/#\/schema\/logo\/image\/","url":"https:\/\/mundosapps.com\/wp-content\/uploads\/sites\/290\/2025\/12\/cropped-LOGO-MUNDOS-APPS.png","contentUrl":"https:\/\/mundosapps.com\/wp-content\/uploads\/sites\/290\/2025\/12\/cropped-LOGO-MUNDOS-APPS.png","width":180,"height":60,"caption":"Mundos Apps"},"image":{"@id":"https:\/\/mundosapps.com\/#\/schema\/logo\/image\/"}}]}},"_links":{"self":[{"href":"https:\/\/mundosapps.com\/es\/wp-json\/wp\/v2\/pages\/22"}],"collection":[{"href":"https:\/\/mundosapps.com\/es\/wp-json\/wp\/v2\/pages"}],"about":[{"href":"https:\/\/mundosapps.com\/es\/wp-json\/wp\/v2\/types\/page"}],"replies":[{"embeddable":true,"href":"https:\/\/mundosapps.com\/es\/wp-json\/wp\/v2\/comments?post=22"}],"version-history":[{"count":0,"href":"https:\/\/mundosapps.com\/es\/wp-json\/wp\/v2\/pages\/22\/revisions"}],"wp:attachment":[{"href":"https:\/\/mundosapps.com\/es\/wp-json\/wp\/v2\/media?parent=22"}],"curies":[{"name":"wp","href":"https:\/\/api.w.org\/{rel}","templated":true}]}}