    {"id":9,"date":"2024-06-14T12:27:57","date_gmt":"2024-06-14T15:27:57","guid":{"rendered":"https:\/\/mundosapps.com\/?page_id=9"},"modified":"2024-06-14T12:27:57","modified_gmt":"2024-06-14T15:27:57","slug":"aplicaciones","status":"publish","type":"page","link":"https:\/\/mundosapps.com\/en\/aplicaciones\/","title":{"rendered":"Applications"},"content":{"rendered":"<p><a href=\"https:\/\/mundosapps.com\/en\/el-secreto-del-sexo-de-tu-bebe\/\"><br \/>\n                                        <img decoding=\"async\" src=\"https:\/\/mundosapps.com\/wp-content\/uploads\/sites\/290\/2024\/12\/DESTAQUE-MUNDOS-550-x-350-1-2.jpg\" alt=\"El secreto del sexo de tu beb\u00e9\"><br \/>\n                                    <\/a><!-- .elementskit-entry-thumb END --><\/p>\n<h2>\n\t\t\t\t\t<a href=\"https:\/\/mundosapps.com\/en\/el-secreto-del-sexo-de-tu-bebe\/\"><br \/>\n\t\t\t\t\t\tThe secret to your baby&#039;s sex\t\t\t\t\t<\/a><br \/>\n\t\t\t\t<\/h2>\n<p>\t\t\t                                                                                <!-- .elementskit-entry-header END --><\/p>\n<p>\u00bfAlguna vez te has imaginado el momento en que descubrir\u00edas el sexo de tu beb\u00e9? Para muchos padres, esta es una de las partes m\u00e1s emocionantes del embarazo. Y fue&hellip;<\/p>\n<p>                                                                                                                                <!-- .elementskit-post-footer END --><br \/>\n                                                                    <!-- .elementskit-post-body END --><br \/>\n                    <!-- .elementskit-blog-block-post .radius .gradient-bg END --><br \/>\n                                    <a href=\"https:\/\/mundosapps.com\/en\/mira-dramas-coreanos-directo-desde-tu-celular\/\"><br \/>\n                                        <img decoding=\"async\" src=\"https:\/\/mundosapps.com\/wp-content\/uploads\/sites\/290\/2024\/12\/DESTAQUE-MUNDOS-550-x-350-1.jpg\" alt=\"Mira Dramas Coreanos Directo desde tu Celular\"><br \/>\n                                    <\/a><!-- .elementskit-entry-thumb END --><\/p>\n<h2>\n\t\t\t\t\t<a href=\"https:\/\/mundosapps.com\/en\/mira-dramas-coreanos-directo-desde-tu-celular\/\"><br \/>\n\t\t\t\t\t\tWatch Korean Dramas Live on Your Mobile Phone\t\t\t\t\t<\/a><br \/>\n\t\t\t\t<\/h2>\n<p>\t\t\t                                                                                <!-- .elementskit-entry-header END --><\/p>\n<p>\u00bfAlguna vez te has encontrado atrapado viendo episodios de dramas coreanos (los famosos K-Dramas) y has pensado: &#8220;\u00a1Qu\u00e9 bien ser\u00eda poder verlos en cualquier momento y lugar&#8221;? Pues, \u00a1tu celular&hellip;<\/p>\n<p>                                                                                                                                <!-- .elementskit-post-footer END --><br \/>\n                                                                    <!-- .elementskit-post-body END --><br \/>\n                    <!-- .elementskit-blog-block-post .radius .gradient-bg END --><br \/>\n                                    <a href=\"https:\/\/mundosapps.com\/en\/rastrea-un-celular-perdido\/\"><br \/>\n                                        <img decoding=\"async\" src=\"https:\/\/mundosapps.com\/wp-content\/uploads\/sites\/290\/2024\/11\/DESTAQUE-MUNDOS-550-x-350-5-1.jpg\" alt=\"Rastrea un Celular Perdido\"><br \/>\n                                    <\/a><!-- .elementskit-entry-thumb END --><\/p>\n<h2>\n\t\t\t\t\t<a href=\"https:\/\/mundosapps.com\/en\/rastrea-un-celular-perdido\/\"><br \/>\n\t\t\t\t\t\tTrack a Lost Cell Phone\t\t\t\t\t<\/a><br \/>\n\t\t\t\t<\/h2>\n<p>\t\t\t                                                                                <!-- .elementskit-entry-header END --><\/p>\n<p>\u00bfAlguna vez te has enfrentado al miedo de perder tu celular o no poder localizar a un familiar? Es una sensaci\u00f3n desesperante, \u00bfverdad? Hoy en d\u00eda, nuestros tel\u00e9fonos contienen casi&hellip;<\/p>\n<p>                                                                                                                                <!-- .elementskit-post-footer END --><br \/>\n                                                                    <!-- .elementskit-post-body END --><br \/>\n                    <!-- .elementskit-blog-block-post .radius .gradient-bg END --><br \/>\n                                                            <a href=\"https:\/\/mundosapps.com\/en\/tesoros-escondidos-en-tu-celular-detectores-de-metales-y-oro\/\"><br \/>\n                                    <img decoding=\"async\" src=\"https:\/\/mundosapps.com\/wp-content\/uploads\/sites\/290\/2024\/11\/DESTAQUE-MUNDOS-550-x-350-1-6.jpg\" alt=\"Tesoros escondidos en tu celular: detectores de metales y oro\"><br \/>\n                                <\/a><!-- .elementskit-entry-thumb END --><br \/>\n\t\t\t\t\t\t\t\t\t\t\t\t\t<!-- .elementskit-entry-header END --><\/p>\n<h2>\n\t\t\t\t\t<a href=\"https:\/\/mundosapps.com\/en\/tesoros-escondidos-en-tu-celular-detectores-de-metales-y-oro\/\"><br \/>\n\t\t\t\t\t\tHidden treasures in your cell phone: metal detectors and gold\t\t\t\t\t<\/a><br \/>\n\t\t\t\t<\/h2>\n<p>                                                                            <a id=\"\" href=\"https:\/\/mundosapps.com\/en\/tesoros-escondidos-en-tu-celular-detectores-de-metales-y-oro\/\"><br \/>\n                                        \t                                            Learn more                                         <\/a><br \/>\n                                                    <!-- .elementskit-post-body END --><br \/>\n                                                            <a href=\"https:\/\/mundosapps.com\/en\/libera-espacio-en-tu-celular-rapidamente\/\"><br \/>\n                                    <img decoding=\"async\" src=\"https:\/\/mundosapps.com\/wp-content\/uploads\/sites\/290\/2024\/11\/DESTAQUE-MUNDOS-550-x-350-4-1.jpg\" alt=\"Libera espacio en tu celular r\u00e1pidamente\"><br \/>\n                                <\/a><!-- .elementskit-entry-thumb END --><br \/>\n\t\t\t\t\t\t\t\t\t\t\t\t\t<!-- .elementskit-entry-header END --><\/p>\n<h2>\n\t\t\t\t\t<a href=\"https:\/\/mundosapps.com\/en\/libera-espacio-en-tu-celular-rapidamente\/\"><br \/>\n\t\t\t\t\t\tFree up space on your phone quickly\t\t\t\t\t<\/a><br \/>\n\t\t\t\t<\/h2>\n<p>                                                                            <a id=\"\" href=\"https:\/\/mundosapps.com\/en\/libera-espacio-en-tu-celular-rapidamente\/\"><br \/>\n                                        \t                                            Learn more                                         <\/a><br \/>\n                                                    <!-- .elementskit-post-body END --><br \/>\n                                                            <a href=\"https:\/\/mundosapps.com\/en\/mejora-el-sonido-de-tu-celular\/\"><br \/>\n                                    <img decoding=\"async\" src=\"https:\/\/mundosapps.com\/wp-content\/uploads\/sites\/290\/2024\/11\/DESTAQUE-MUNDOS-550-x-350-2-4.jpg\" alt=\"Mejora el sonido de tu celular\"><br \/>\n                                <\/a><!-- .elementskit-entry-thumb END --><br \/>\n\t\t\t\t\t\t\t\t\t\t\t\t\t<!-- .elementskit-entry-header END --><\/p>\n<h2>\n\t\t\t\t\t<a href=\"https:\/\/mundosapps.com\/en\/mejora-el-sonido-de-tu-celular\/\"><br \/>\n\t\t\t\t\t\tImprove the sound of your cell phone\t\t\t\t\t<\/a><br \/>\n\t\t\t\t<\/h2>\n<p>                                                                            <a id=\"\" href=\"https:\/\/mundosapps.com\/en\/mejora-el-sonido-de-tu-celular\/\"><br \/>\n                                        \t                                            Learn more                                         <\/a><br \/>\n                                                    <!-- .elementskit-post-body END --><br \/>\n                                                            <a href=\"https:\/\/mundosapps.com\/en\/encuentra-el-amor-en-la-era-digital\/\"><br \/>\n                                    <img decoding=\"async\" src=\"https:\/\/mundosapps.com\/wp-content\/uploads\/sites\/290\/2024\/11\/DESTAQUE-MUNDOS-550-x-350-2-2.jpg\" alt=\"Encuentra el Amor en la Era Digital\"><br \/>\n                                <\/a><!-- .elementskit-entry-thumb END --><br \/>\n\t\t\t\t\t\t\t\t\t\t\t\t\t<!-- .elementskit-entry-header END --><\/p>\n<h2>\n\t\t\t\t\t<a href=\"https:\/\/mundosapps.com\/en\/encuentra-el-amor-en-la-era-digital\/\"><br \/>\n\t\t\t\t\t\tFind Love in the Digital Age\t\t\t\t\t<\/a><br \/>\n\t\t\t\t<\/h2>\n<p>                                                                            <a id=\"\" href=\"https:\/\/mundosapps.com\/en\/encuentra-el-amor-en-la-era-digital\/\"><br \/>\n                                        \t                                            Learn more                                         <\/a><br \/>\n                                                    <!-- .elementskit-post-body END --><br \/>\n                                                            <a href=\"https:\/\/mundosapps.com\/en\/tu-ciudad-vista-desde-satelites\/\"><br \/>\n                                    <img decoding=\"async\" src=\"https:\/\/mundosapps.com\/wp-content\/uploads\/sites\/290\/2024\/11\/DESTAQUE-MUNDOS-550-x-350-3.jpg\" alt=\"\u00a1Tu Ciudad Vista desde Sat\u00e9lites!\"><br \/>\n                                <\/a><!-- .elementskit-entry-thumb END --><br \/>\n\t\t\t\t\t\t\t\t\t\t\t\t\t<!-- .elementskit-entry-header END --><\/p>\n<h2>\n\t\t\t\t\t<a href=\"https:\/\/mundosapps.com\/en\/tu-ciudad-vista-desde-satelites\/\"><br \/>\n\t\t\t\t\t\tYour City Seen from Satellites!\t\t\t\t\t<\/a><br \/>\n\t\t\t\t<\/h2>\n<p>                                                                            <a id=\"\" href=\"https:\/\/mundosapps.com\/en\/tu-ciudad-vista-desde-satelites\/\"><br \/>\n                                        \t                                            Learn more                                         <\/a><br \/>\n                                                    <!-- .elementskit-post-body END --><br \/>\n                                                            <a href=\"https:\/\/mundosapps.com\/en\/descubre-quien-visita-tu-perfil-social\/\"><br \/>\n                                    <img decoding=\"async\" src=\"https:\/\/mundosapps.com\/wp-content\/uploads\/sites\/290\/2024\/10\/DESTAQUE-MUNDOS-550-x-350.jpg\" alt=\"Descubre qui\u00e9n visita tu perfil social\"><br \/>\n                                <\/a><!-- .elementskit-entry-thumb END --><br \/>\n\t\t\t\t\t\t\t\t\t\t\t\t\t<!-- .elementskit-entry-header END --><\/p>\n<h2>\n\t\t\t\t\t<a href=\"https:\/\/mundosapps.com\/en\/descubre-quien-visita-tu-perfil-social\/\"><br \/>\n\t\t\t\t\t\tFind out who visits your social profile\t\t\t\t\t<\/a><br \/>\n\t\t\t\t<\/h2>\n<p>                                                                            <a id=\"\" href=\"https:\/\/mundosapps.com\/en\/descubre-quien-visita-tu-perfil-social\/\"><br \/>\n                                        \t                                            Learn more                                         <\/a><br \/>\n                                                    <!-- .elementskit-post-body END --><\/p>","protected":false},"excerpt":{"rendered":"<p>El secreto del sexo de tu beb\u00e9 \u00bfAlguna vez te has imaginado el momento en que descubrir\u00edas el sexo de tu beb\u00e9? Para muchos padres, esta es una de las partes m\u00e1s emocionantes del embarazo. Y fue&hellip; Mira Dramas Coreanos Directo desde tu Celular \u00bfAlguna vez te has encontrado atrapado viendo episodios de dramas coreanos [&hellip;]<\/p>","protected":false},"author":0,"featured_media":0,"parent":0,"menu_order":0,"comment_status":"closed","ping_status":"closed","template":"","meta":{"footnotes":""},"yoast_head":"<!-- This site is optimized with the Yoast SEO plugin v23.3 - https:\/\/yoast.com\/wordpress\/plugins\/seo\/ -->\n<title>Aplicaciones - Mundos Apps<\/title>\n<meta name=\"robots\" content=\"index, follow, max-snippet:-1, max-image-preview:large, max-video-preview:-1\" \/>\n<link rel=\"canonical\" href=\"https:\/\/mundosapps.com\/en\/aplicaciones\/\" \/>\n<meta property=\"og:locale\" content=\"en_US\" \/>\n<meta property=\"og:type\" content=\"article\" \/>\n<meta property=\"og:title\" content=\"Aplicaciones - Mundos Apps\" \/>\n<meta property=\"og:description\" content=\"El secreto del sexo de tu beb\u00e9 \u00bfAlguna vez te has imaginado el momento en que descubrir\u00edas el sexo de tu beb\u00e9? Para muchos padres, esta es una de las partes m\u00e1s emocionantes del embarazo. Y fue&hellip; Mira Dramas Coreanos Directo desde tu Celular \u00bfAlguna vez te has encontrado atrapado viendo episodios de dramas coreanos [&hellip;]\" \/>\n<meta property=\"og:url\" content=\"https:\/\/mundosapps.com\/en\/aplicaciones\/\" \/>\n<meta property=\"og:site_name\" content=\"Mundos Apps\" \/>\n<meta property=\"og:image\" content=\"https:\/\/mundosapps.com\/wp-content\/uploads\/sites\/290\/2024\/12\/DESTAQUE-MUNDOS-550-x-350-1-2.jpg\" \/>\n<meta name=\"twitter:card\" content=\"summary_large_image\" \/>\n<meta name=\"twitter:label1\" content=\"Est. reading time\" \/>\n\t<meta name=\"twitter:data1\" content=\"3 minutes\" \/>\n<script type=\"application\/ld+json\" class=\"yoast-schema-graph\">{\"@context\":\"https:\/\/schema.org\",\"@graph\":[{\"@type\":\"WebPage\",\"@id\":\"https:\/\/mundosapps.com\/aplicaciones\/\",\"url\":\"https:\/\/mundosapps.com\/aplicaciones\/\",\"name\":\"Aplicaciones - Mundos Apps\",\"isPartOf\":{\"@id\":\"https:\/\/mundosapps.com\/#website\"},\"primaryImageOfPage\":{\"@id\":\"https:\/\/mundosapps.com\/aplicaciones\/#primaryimage\"},\"image\":{\"@id\":\"https:\/\/mundosapps.com\/aplicaciones\/#primaryimage\"},\"thumbnailUrl\":\"https:\/\/mundosapps.com\/wp-content\/uploads\/sites\/290\/2024\/12\/DESTAQUE-MUNDOS-550-x-350-1-2.jpg\",\"datePublished\":\"2024-06-14T15:27:57+00:00\",\"dateModified\":\"2024-06-14T15:27:57+00:00\",\"breadcrumb\":{\"@id\":\"https:\/\/mundosapps.com\/aplicaciones\/#breadcrumb\"},\"inLanguage\":\"en-US\",\"potentialAction\":[{\"@type\":\"ReadAction\",\"target\":[\"https:\/\/mundosapps.com\/aplicaciones\/\"]}]},{\"@type\":\"ImageObject\",\"inLanguage\":\"en-US\",\"@id\":\"https:\/\/mundosapps.com\/aplicaciones\/#primaryimage\",\"url\":\"https:\/\/mundosapps.com\/wp-content\/uploads\/sites\/290\/2024\/12\/DESTAQUE-MUNDOS-550-x-350-1-2.jpg\",\"contentUrl\":\"https:\/\/mundosapps.com\/wp-content\/uploads\/sites\/290\/2024\/12\/DESTAQUE-MUNDOS-550-x-350-1-2.jpg\"},{\"@type\":\"BreadcrumbList\",\"@id\":\"https:\/\/mundosapps.com\/aplicaciones\/#breadcrumb\",\"itemListElement\":[{\"@type\":\"ListItem\",\"position\":1,\"name\":\"Home\",\"item\":\"https:\/\/mundosapps.com\/\"},{\"@type\":\"ListItem\",\"position\":2,\"name\":\"Aplicaciones\"}]},{\"@type\":\"WebSite\",\"@id\":\"https:\/\/mundosapps.com\/#website\",\"url\":\"https:\/\/mundosapps.com\/\",\"name\":\"Mundos Apps\",\"description\":\"\",\"publisher\":{\"@id\":\"https:\/\/mundosapps.com\/#organization\"},\"potentialAction\":[{\"@type\":\"SearchAction\",\"target\":{\"@type\":\"EntryPoint\",\"urlTemplate\":\"https:\/\/mundosapps.com\/?s={search_term_string}\"},\"query-input\":\"required name=search_term_string\"}],\"inLanguage\":\"en-US\"},{\"@type\":\"Organization\",\"@id\":\"https:\/\/mundosapps.com\/#organization\",\"name\":\"Mundos Apps\",\"url\":\"https:\/\/mundosapps.com\/\",\"logo\":{\"@type\":\"ImageObject\",\"inLanguage\":\"en-US\",\"@id\":\"https:\/\/mundosapps.com\/#\/schema\/logo\/image\/\",\"url\":\"https:\/\/mundosapps.com\/wp-content\/uploads\/sites\/290\/2025\/12\/cropped-LOGO-MUNDOS-APPS.png\",\"contentUrl\":\"https:\/\/mundosapps.com\/wp-content\/uploads\/sites\/290\/2025\/12\/cropped-LOGO-MUNDOS-APPS.png\",\"width\":180,\"height\":60,\"caption\":\"Mundos Apps\"},\"image\":{\"@id\":\"https:\/\/mundosapps.com\/#\/schema\/logo\/image\/\"}}]}<\/script>\n<!-- \/ Yoast SEO plugin. -->","yoast_head_json":{"title":"Aplicaciones - Mundos Apps","robots":{"index":"index","follow":"follow","max-snippet":"max-snippet:-1","max-image-preview":"max-image-preview:large","max-video-preview":"max-video-preview:-1"},"canonical":"https:\/\/mundosapps.com\/en\/aplicaciones\/","og_locale":"en_US","og_type":"article","og_title":"Aplicaciones - Mundos Apps","og_description":"El secreto del sexo de tu beb\u00e9 \u00bfAlguna vez te has imaginado el momento en que descubrir\u00edas el sexo de tu beb\u00e9? Para muchos padres, esta es una de las partes m\u00e1s emocionantes del embarazo. Y fue&hellip; Mira Dramas Coreanos Directo desde tu Celular \u00bfAlguna vez te has encontrado atrapado viendo episodios de dramas coreanos [&hellip;]","og_url":"https:\/\/mundosapps.com\/en\/aplicaciones\/","og_site_name":"Mundos Apps","og_image":[{"url":"https:\/\/mundosapps.com\/wp-content\/uploads\/sites\/290\/2024\/12\/DESTAQUE-MUNDOS-550-x-350-1-2.jpg"}],"twitter_card":"summary_large_image","twitter_misc":{"Est. reading time":"3 minutes"},"schema":{"@context":"https:\/\/schema.org","@graph":[{"@type":"WebPage","@id":"https:\/\/mundosapps.com\/aplicaciones\/","url":"https:\/\/mundosapps.com\/aplicaciones\/","name":"Aplicaciones - Mundos Apps","isPartOf":{"@id":"https:\/\/mundosapps.com\/#website"},"primaryImageOfPage":{"@id":"https:\/\/mundosapps.com\/aplicaciones\/#primaryimage"},"image":{"@id":"https:\/\/mundosapps.com\/aplicaciones\/#primaryimage"},"thumbnailUrl":"https:\/\/mundosapps.com\/wp-content\/uploads\/sites\/290\/2024\/12\/DESTAQUE-MUNDOS-550-x-350-1-2.jpg","datePublished":"2024-06-14T15:27:57+00:00","dateModified":"2024-06-14T15:27:57+00:00","breadcrumb":{"@id":"https:\/\/mundosapps.com\/aplicaciones\/#breadcrumb"},"inLanguage":"en-US","potentialAction":[{"@type":"ReadAction","target":["https:\/\/mundosapps.com\/aplicaciones\/"]}]},{"@type":"ImageObject","inLanguage":"en-US","@id":"https:\/\/mundosapps.com\/aplicaciones\/#primaryimage","url":"https:\/\/mundosapps.com\/wp-content\/uploads\/sites\/290\/2024\/12\/DESTAQUE-MUNDOS-550-x-350-1-2.jpg","contentUrl":"https:\/\/mundosapps.com\/wp-content\/uploads\/sites\/290\/2024\/12\/DESTAQUE-MUNDOS-550-x-350-1-2.jpg"},{"@type":"BreadcrumbList","@id":"https:\/\/mundosapps.com\/aplicaciones\/#breadcrumb","itemListElement":[{"@type":"ListItem","position":1,"name":"Home","item":"https:\/\/mundosapps.com\/"},{"@type":"ListItem","position":2,"name":"Aplicaciones"}]},{"@type":"WebSite","@id":"https:\/\/mundosapps.com\/#website","url":"https:\/\/mundosapps.com\/","name":"Mundos Apps","description":"","publisher":{"@id":"https:\/\/mundosapps.com\/#organization"},"potentialAction":[{"@type":"SearchAction","target":{"@type":"EntryPoint","urlTemplate":"https:\/\/mundosapps.com\/?s={search_term_string}"},"query-input":"required name=search_term_string"}],"inLanguage":"en-US"},{"@type":"Organization","@id":"https:\/\/mundosapps.com\/#organization","name":"Mundos Apps","url":"https:\/\/mundosapps.com\/","logo":{"@type":"ImageObject","inLanguage":"en-US","@id":"https:\/\/mundosapps.com\/#\/schema\/logo\/image\/","url":"https:\/\/mundosapps.com\/wp-content\/uploads\/sites\/290\/2025\/12\/cropped-LOGO-MUNDOS-APPS.png","contentUrl":"https:\/\/mundosapps.com\/wp-content\/uploads\/sites\/290\/2025\/12\/cropped-LOGO-MUNDOS-APPS.png","width":180,"height":60,"caption":"Mundos Apps"},"image":{"@id":"https:\/\/mundosapps.com\/#\/schema\/logo\/image\/"}}]}},"_links":{"self":[{"href":"https:\/\/mundosapps.com\/en\/wp-json\/wp\/v2\/pages\/9"}],"collection":[{"href":"https:\/\/mundosapps.com\/en\/wp-json\/wp\/v2\/pages"}],"about":[{"href":"https:\/\/mundosapps.com\/en\/wp-json\/wp\/v2\/types\/page"}],"replies":[{"embeddable":true,"href":"https:\/\/mundosapps.com\/en\/wp-json\/wp\/v2\/comments?post=9"}],"version-history":[{"count":0,"href":"https:\/\/mundosapps.com\/en\/wp-json\/wp\/v2\/pages\/9\/revisions"}],"wp:attachment":[{"href":"https:\/\/mundosapps.com\/en\/wp-json\/wp\/v2\/media?parent=9"}],"curies":[{"name":"wp","href":"https:\/\/api.w.org\/{rel}","templated":true}]}}