    {"id":15,"date":"2024-06-14T12:32:39","date_gmt":"2024-06-14T15:32:39","guid":{"rendered":"https:\/\/mundosapps.com\/?page_id=15"},"modified":"2024-06-14T12:32:39","modified_gmt":"2024-06-14T15:32:39","slug":"curiosidades","status":"publish","type":"page","link":"https:\/\/mundosapps.com\/en\/curiosidades\/","title":{"rendered":"Curiosities"},"content":{"rendered":"<p><a href=\"https:\/\/mundosapps.com\/en\/el-impacto-de-las-aplicaciones-en-nuestra-vida-diaria\/\"><br \/>\n                                        <img decoding=\"async\" src=\"https:\/\/mundosapps.com\/wp-content\/uploads\/sites\/290\/2024\/12\/DESTAQUE-MUNDOS-550-x-350-1-6.jpg\" alt=\"El Impacto de las Aplicaciones en Nuestra Vida Diaria\"><br \/>\n                                    <\/a><!-- .elementskit-entry-thumb END --><\/p>\n<h2>\n\t\t\t\t\t<a href=\"https:\/\/mundosapps.com\/en\/el-impacto-de-las-aplicaciones-en-nuestra-vida-diaria\/\"><br \/>\n\t\t\t\t\t\tThe Impact of Apps on Our Daily Lives\t\t\t\t\t<\/a><br \/>\n\t\t\t\t<\/h2>\n<p>\t\t\t                                                                                <!-- .elementskit-entry-header END --><\/p>\n<p>Si lo pensamos bien, \u00bfcu\u00e1ntas aplicaciones usamos en un solo d\u00eda? Tal vez no nos demos cuenta, pero est\u00e1n all\u00ed: ayud\u00e1ndonos a despertarnos con la alarma, organizando la agenda, mostrando&hellip;<\/p>\n<p>                                                                                                                                <!-- .elementskit-post-footer END --><br \/>\n                                                                    <!-- .elementskit-post-body END --><br \/>\n                    <!-- .elementskit-blog-block-post .radius .gradient-bg END --><br \/>\n                                    <a href=\"https:\/\/mundosapps.com\/en\/la-historia-detras-de-las-aplicaciones-mas-famosas-del-mundo\/\"><br \/>\n                                        <img decoding=\"async\" src=\"https:\/\/mundosapps.com\/wp-content\/uploads\/sites\/290\/2024\/12\/DESTAQUE-MUNDOS-550-x-350-3.jpg\" alt=\"La historia detr\u00e1s de las aplicaciones m\u00e1s famosas del mundo\"><br \/>\n                                    <\/a><!-- .elementskit-entry-thumb END --><\/p>\n<h2>\n\t\t\t\t\t<a href=\"https:\/\/mundosapps.com\/en\/la-historia-detras-de-las-aplicaciones-mas-famosas-del-mundo\/\"><br \/>\n\t\t\t\t\t\tThe story behind the world&#039;s most famous apps\t\t\t\t\t<\/a><br \/>\n\t\t\t\t<\/h2>\n<p>\t\t\t                                                                                <!-- .elementskit-entry-header END --><\/p>\n<p>\u00bfAlguna vez te has preguntado c\u00f3mo se crearon las aplicaciones que usamos todos los d\u00edas? Esas que nos ayudan a mantenernos en contacto con amigos, pasar el tiempo o incluso&hellip;<\/p>\n<p>                                                                                                                                <!-- .elementskit-post-footer END --><br \/>\n                                                                    <!-- .elementskit-post-body END --><br \/>\n                    <!-- .elementskit-blog-block-post .radius .gradient-bg END --><br \/>\n                                    <a href=\"https:\/\/mundosapps.com\/en\/los-coches-electricos-mas-baratos-de-2024\/\"><br \/>\n                                        <img decoding=\"async\" src=\"https:\/\/mundosapps.com\/wp-content\/uploads\/sites\/290\/2024\/12\/DESTAQUE-MUNDOS-550-x-350-2.jpg\" alt=\"Los coches el\u00e9ctricos m\u00e1s baratos de 2024\"><br \/>\n                                    <\/a><!-- .elementskit-entry-thumb END --><\/p>\n<h2>\n\t\t\t\t\t<a href=\"https:\/\/mundosapps.com\/en\/los-coches-electricos-mas-baratos-de-2024\/\"><br \/>\n\t\t\t\t\t\tThe cheapest electric cars of 2024\t\t\t\t\t<\/a><br \/>\n\t\t\t\t<\/h2>\n<p>\t\t\t                                                                                <!-- .elementskit-entry-header END --><\/p>\n<p>\u00bfHas pensado en cambiar tu coche de combusti\u00f3n por uno el\u00e9ctrico? Con la tecnolog\u00eda avanzando r\u00e1pidamente, 2024 promete ser un a\u00f1o revolucionario para los coches el\u00e9ctricos, especialmente cuando hablamos de&hellip;<\/p>\n<p>                                                                                                                                <!-- .elementskit-post-footer END --><br \/>\n                                                                    <!-- .elementskit-post-body END --><br \/>\n                    <!-- .elementskit-blog-block-post .radius .gradient-bg END --><br \/>\n                                                            <a href=\"https:\/\/mundosapps.com\/en\/como-aprender-mecanica-automotriz-jugando-en-el-celular\/\"><br \/>\n                                    <img decoding=\"async\" src=\"https:\/\/mundosapps.com\/wp-content\/uploads\/sites\/290\/2024\/11\/DESTAQUE-MUNDOS-550-x-350-3-3.jpg\" alt=\"C\u00f3mo aprender mec\u00e1nica automotriz jugando en el celular\"><br \/>\n                                <\/a><!-- .elementskit-entry-thumb END --><br \/>\n\t\t\t\t\t\t\t\t\t\t\t\t\t<!-- .elementskit-entry-header END --><\/p>\n<h2>\n\t\t\t\t\t<a href=\"https:\/\/mundosapps.com\/en\/como-aprender-mecanica-automotriz-jugando-en-el-celular\/\"><br \/>\n\t\t\t\t\t\tHow to learn automotive mechanics by playing games on your mobile phone\t\t\t\t\t<\/a><br \/>\n\t\t\t\t<\/h2>\n<p>                                                                            <a id=\"\" href=\"https:\/\/mundosapps.com\/en\/como-aprender-mecanica-automotriz-jugando-en-el-celular\/\"><br \/>\n                                        \t                                            Learn more                                         <\/a><br \/>\n                                                    <!-- .elementskit-post-body END --><br \/>\n                                                            <a href=\"https:\/\/mundosapps.com\/en\/lleva-la-experiencia-de-gta-5-a-tu-movil-con-estas-aplicaciones\/\"><br \/>\n                                    <img decoding=\"async\" src=\"https:\/\/mundosapps.com\/wp-content\/uploads\/sites\/290\/2024\/11\/DESTAQUE-MUNDOS-550-x-350-4-2.jpg\" alt=\"Lleva la experiencia de GTA 5 a tu m\u00f3vil con estas aplicaciones\"><br \/>\n                                <\/a><!-- .elementskit-entry-thumb END --><br \/>\n\t\t\t\t\t\t\t\t\t\t\t\t\t<!-- .elementskit-entry-header END --><\/p>\n<h2>\n\t\t\t\t\t<a href=\"https:\/\/mundosapps.com\/en\/lleva-la-experiencia-de-gta-5-a-tu-movil-con-estas-aplicaciones\/\"><br \/>\n\t\t\t\t\t\tBring the GTA 5 experience to your phone with these apps\t\t\t\t\t<\/a><br \/>\n\t\t\t\t<\/h2>\n<p>                                                                            <a id=\"\" href=\"https:\/\/mundosapps.com\/en\/lleva-la-experiencia-de-gta-5-a-tu-movil-con-estas-aplicaciones\/\"><br \/>\n                                        \t                                            Learn more                                         <\/a><br \/>\n                                                    <!-- .elementskit-post-body END --><br \/>\n                                                            <a href=\"https:\/\/mundosapps.com\/en\/spacex-una-revolucion-espacial-en-constante-evolucion\/\"><br \/>\n                                    <img decoding=\"async\" src=\"https:\/\/mundosapps.com\/wp-content\/uploads\/sites\/290\/2024\/11\/DESTAQUE-MUNDOS-550-x-350-2-5.jpg\" alt=\"SpaceX: Una Revoluci\u00f3n Espacial en Constante Evoluci\u00f3n\"><br \/>\n                                <\/a><!-- .elementskit-entry-thumb END --><br \/>\n\t\t\t\t\t\t\t\t\t\t\t\t\t<!-- .elementskit-entry-header END --><\/p>\n<h2>\n\t\t\t\t\t<a href=\"https:\/\/mundosapps.com\/en\/spacex-una-revolucion-espacial-en-constante-evolucion\/\"><br \/>\n\t\t\t\t\t\tSpaceX: A Constantly Evolving Space Revolution\t\t\t\t\t<\/a><br \/>\n\t\t\t\t<\/h2>\n<p>                                                                            <a id=\"\" href=\"https:\/\/mundosapps.com\/en\/spacex-una-revolucion-espacial-en-constante-evolucion\/\"><br \/>\n                                        \t                                            Learn more                                         <\/a><br \/>\n                                                    <!-- .elementskit-post-body END --><br \/>\n                                                            <a href=\"https:\/\/mundosapps.com\/en\/starlink-una-revolucion-en-la-conectividad-global\/\"><br \/>\n                                    <img decoding=\"async\" src=\"https:\/\/mundosapps.com\/wp-content\/uploads\/sites\/290\/2024\/11\/DESTAQUE-MUNDOS-550-x-350-2-3.jpg\" alt=\"Starlink: Una Revoluci\u00f3n en la Conectividad Global\"><br \/>\n                                <\/a><!-- .elementskit-entry-thumb END --><br \/>\n\t\t\t\t\t\t\t\t\t\t\t\t\t<!-- .elementskit-entry-header END --><\/p>\n<h2>\n\t\t\t\t\t<a href=\"https:\/\/mundosapps.com\/en\/starlink-una-revolucion-en-la-conectividad-global\/\"><br \/>\n\t\t\t\t\t\tStarlink: A Revolution in Global Connectivity\t\t\t\t\t<\/a><br \/>\n\t\t\t\t<\/h2>\n<p>                                                                            <a id=\"\" href=\"https:\/\/mundosapps.com\/en\/starlink-una-revolucion-en-la-conectividad-global\/\"><br \/>\n                                        \t                                            Learn more                                         <\/a><br \/>\n                                                    <!-- .elementskit-post-body END --><br \/>\n                                                            <a href=\"https:\/\/mundosapps.com\/en\/5g-en-el-celular-las-apps-que-hacen-que-tu-celular-sea-mas-rapido\/\"><br \/>\n                                    <img decoding=\"async\" src=\"https:\/\/mundosapps.com\/wp-content\/uploads\/sites\/290\/2024\/11\/DESTAQUE-MUNDOS-550-x-350-4.jpg\" alt=\"5G en el celular: Las apps que hacen que tu celular sea m\u00e1s r\u00e1pido\"><br \/>\n                                <\/a><!-- .elementskit-entry-thumb END --><br \/>\n\t\t\t\t\t\t\t\t\t\t\t\t\t<!-- .elementskit-entry-header END --><\/p>\n<h2>\n\t\t\t\t\t<a href=\"https:\/\/mundosapps.com\/en\/5g-en-el-celular-las-apps-que-hacen-que-tu-celular-sea-mas-rapido\/\"><br \/>\n\t\t\t\t\t\t5G on your phone: The apps that make your phone faster\t\t\t\t\t<\/a><br \/>\n\t\t\t\t<\/h2>\n<p>                                                                            <a id=\"\" href=\"https:\/\/mundosapps.com\/en\/5g-en-el-celular-las-apps-que-hacen-que-tu-celular-sea-mas-rapido\/\"><br \/>\n                                        \t                                            Learn more                                         <\/a><br \/>\n                                                    <!-- .elementskit-post-body END --><br \/>\n                                                            <a href=\"https:\/\/mundosapps.com\/en\/app-para-grabar-llamadas-recibidas-en-el-celular\/\"><br \/>\n                                    <img decoding=\"async\" src=\"https:\/\/mundosapps.com\/wp-content\/uploads\/sites\/290\/2024\/11\/DESTAQUE-MUNDOS-550-x-350-2.jpg\" alt=\"App para Grabar Llamadas Recibidas en el Celular\"><br \/>\n                                <\/a><!-- .elementskit-entry-thumb END --><br \/>\n\t\t\t\t\t\t\t\t\t\t\t\t\t<!-- .elementskit-entry-header END --><\/p>\n<h2>\n\t\t\t\t\t<a href=\"https:\/\/mundosapps.com\/en\/app-para-grabar-llamadas-recibidas-en-el-celular\/\"><br \/>\n\t\t\t\t\t\tApp to Record Incoming Calls on Your Cell Phone\t\t\t\t\t<\/a><br \/>\n\t\t\t\t<\/h2>\n<p>                                                                            <a id=\"\" href=\"https:\/\/mundosapps.com\/en\/app-para-grabar-llamadas-recibidas-en-el-celular\/\"><br \/>\n                                        \t                                            Learn more                                         <\/a><br \/>\n                                                    <!-- .elementskit-post-body END --><\/p>","protected":false},"excerpt":{"rendered":"<p>El Impacto de las Aplicaciones en Nuestra Vida Diaria Si lo pensamos bien, \u00bfcu\u00e1ntas aplicaciones usamos en un solo d\u00eda? Tal vez no nos demos cuenta, pero est\u00e1n all\u00ed: ayud\u00e1ndonos a despertarnos con la alarma, organizando la agenda, mostrando&hellip; La historia detr\u00e1s de las aplicaciones m\u00e1s famosas del mundo \u00bfAlguna vez te has preguntado c\u00f3mo [&hellip;]<\/p>","protected":false},"author":0,"featured_media":0,"parent":0,"menu_order":0,"comment_status":"closed","ping_status":"closed","template":"","meta":{"footnotes":""},"yoast_head":"<!-- This site is optimized with the Yoast SEO plugin v23.3 - https:\/\/yoast.com\/wordpress\/plugins\/seo\/ -->\n<title>Curiosidades - Mundos Apps<\/title>\n<meta name=\"robots\" content=\"index, follow, max-snippet:-1, max-image-preview:large, max-video-preview:-1\" \/>\n<link rel=\"canonical\" href=\"https:\/\/mundosapps.com\/en\/curiosidades\/\" \/>\n<meta property=\"og:locale\" content=\"en_US\" \/>\n<meta property=\"og:type\" content=\"article\" \/>\n<meta property=\"og:title\" content=\"Curiosidades - Mundos Apps\" \/>\n<meta property=\"og:description\" content=\"El Impacto de las Aplicaciones en Nuestra Vida Diaria Si lo pensamos bien, \u00bfcu\u00e1ntas aplicaciones usamos en un solo d\u00eda? Tal vez no nos demos cuenta, pero est\u00e1n all\u00ed: ayud\u00e1ndonos a despertarnos con la alarma, organizando la agenda, mostrando&hellip; La historia detr\u00e1s de las aplicaciones m\u00e1s famosas del mundo \u00bfAlguna vez te has preguntado c\u00f3mo [&hellip;]\" \/>\n<meta property=\"og:url\" content=\"https:\/\/mundosapps.com\/en\/curiosidades\/\" \/>\n<meta property=\"og:site_name\" content=\"Mundos Apps\" \/>\n<meta property=\"og:image\" content=\"https:\/\/mundosapps.com\/wp-content\/uploads\/sites\/290\/2024\/12\/DESTAQUE-MUNDOS-550-x-350-1-6.jpg\" \/>\n<meta name=\"twitter:card\" content=\"summary_large_image\" \/>\n<meta name=\"twitter:label1\" content=\"Est. reading time\" \/>\n\t<meta name=\"twitter:data1\" content=\"3 minutes\" \/>\n<script type=\"application\/ld+json\" class=\"yoast-schema-graph\">{\"@context\":\"https:\/\/schema.org\",\"@graph\":[{\"@type\":\"WebPage\",\"@id\":\"https:\/\/mundosapps.com\/curiosidades\/\",\"url\":\"https:\/\/mundosapps.com\/curiosidades\/\",\"name\":\"Curiosidades - Mundos Apps\",\"isPartOf\":{\"@id\":\"https:\/\/mundosapps.com\/#website\"},\"primaryImageOfPage\":{\"@id\":\"https:\/\/mundosapps.com\/curiosidades\/#primaryimage\"},\"image\":{\"@id\":\"https:\/\/mundosapps.com\/curiosidades\/#primaryimage\"},\"thumbnailUrl\":\"https:\/\/mundosapps.com\/wp-content\/uploads\/sites\/290\/2024\/12\/DESTAQUE-MUNDOS-550-x-350-1-6.jpg\",\"datePublished\":\"2024-06-14T15:32:39+00:00\",\"dateModified\":\"2024-06-14T15:32:39+00:00\",\"breadcrumb\":{\"@id\":\"https:\/\/mundosapps.com\/curiosidades\/#breadcrumb\"},\"inLanguage\":\"en-US\",\"potentialAction\":[{\"@type\":\"ReadAction\",\"target\":[\"https:\/\/mundosapps.com\/curiosidades\/\"]}]},{\"@type\":\"ImageObject\",\"inLanguage\":\"en-US\",\"@id\":\"https:\/\/mundosapps.com\/curiosidades\/#primaryimage\",\"url\":\"https:\/\/mundosapps.com\/wp-content\/uploads\/sites\/290\/2024\/12\/DESTAQUE-MUNDOS-550-x-350-1-6.jpg\",\"contentUrl\":\"https:\/\/mundosapps.com\/wp-content\/uploads\/sites\/290\/2024\/12\/DESTAQUE-MUNDOS-550-x-350-1-6.jpg\"},{\"@type\":\"BreadcrumbList\",\"@id\":\"https:\/\/mundosapps.com\/curiosidades\/#breadcrumb\",\"itemListElement\":[{\"@type\":\"ListItem\",\"position\":1,\"name\":\"Home\",\"item\":\"https:\/\/mundosapps.com\/\"},{\"@type\":\"ListItem\",\"position\":2,\"name\":\"Curiosidades\"}]},{\"@type\":\"WebSite\",\"@id\":\"https:\/\/mundosapps.com\/#website\",\"url\":\"https:\/\/mundosapps.com\/\",\"name\":\"Mundos Apps\",\"description\":\"\",\"publisher\":{\"@id\":\"https:\/\/mundosapps.com\/#organization\"},\"potentialAction\":[{\"@type\":\"SearchAction\",\"target\":{\"@type\":\"EntryPoint\",\"urlTemplate\":\"https:\/\/mundosapps.com\/?s={search_term_string}\"},\"query-input\":\"required name=search_term_string\"}],\"inLanguage\":\"en-US\"},{\"@type\":\"Organization\",\"@id\":\"https:\/\/mundosapps.com\/#organization\",\"name\":\"Mundos Apps\",\"url\":\"https:\/\/mundosapps.com\/\",\"logo\":{\"@type\":\"ImageObject\",\"inLanguage\":\"en-US\",\"@id\":\"https:\/\/mundosapps.com\/#\/schema\/logo\/image\/\",\"url\":\"https:\/\/mundosapps.com\/wp-content\/uploads\/sites\/290\/2025\/12\/cropped-LOGO-MUNDOS-APPS.png\",\"contentUrl\":\"https:\/\/mundosapps.com\/wp-content\/uploads\/sites\/290\/2025\/12\/cropped-LOGO-MUNDOS-APPS.png\",\"width\":180,\"height\":60,\"caption\":\"Mundos Apps\"},\"image\":{\"@id\":\"https:\/\/mundosapps.com\/#\/schema\/logo\/image\/\"}}]}<\/script>\n<!-- \/ Yoast SEO plugin. -->","yoast_head_json":{"title":"Curiosidades - Mundos Apps","robots":{"index":"index","follow":"follow","max-snippet":"max-snippet:-1","max-image-preview":"max-image-preview:large","max-video-preview":"max-video-preview:-1"},"canonical":"https:\/\/mundosapps.com\/en\/curiosidades\/","og_locale":"en_US","og_type":"article","og_title":"Curiosidades - Mundos Apps","og_description":"El Impacto de las Aplicaciones en Nuestra Vida Diaria Si lo pensamos bien, \u00bfcu\u00e1ntas aplicaciones usamos en un solo d\u00eda? Tal vez no nos demos cuenta, pero est\u00e1n all\u00ed: ayud\u00e1ndonos a despertarnos con la alarma, organizando la agenda, mostrando&hellip; La historia detr\u00e1s de las aplicaciones m\u00e1s famosas del mundo \u00bfAlguna vez te has preguntado c\u00f3mo [&hellip;]","og_url":"https:\/\/mundosapps.com\/en\/curiosidades\/","og_site_name":"Mundos Apps","og_image":[{"url":"https:\/\/mundosapps.com\/wp-content\/uploads\/sites\/290\/2024\/12\/DESTAQUE-MUNDOS-550-x-350-1-6.jpg"}],"twitter_card":"summary_large_image","twitter_misc":{"Est. reading time":"3 minutes"},"schema":{"@context":"https:\/\/schema.org","@graph":[{"@type":"WebPage","@id":"https:\/\/mundosapps.com\/curiosidades\/","url":"https:\/\/mundosapps.com\/curiosidades\/","name":"Curiosidades - Mundos Apps","isPartOf":{"@id":"https:\/\/mundosapps.com\/#website"},"primaryImageOfPage":{"@id":"https:\/\/mundosapps.com\/curiosidades\/#primaryimage"},"image":{"@id":"https:\/\/mundosapps.com\/curiosidades\/#primaryimage"},"thumbnailUrl":"https:\/\/mundosapps.com\/wp-content\/uploads\/sites\/290\/2024\/12\/DESTAQUE-MUNDOS-550-x-350-1-6.jpg","datePublished":"2024-06-14T15:32:39+00:00","dateModified":"2024-06-14T15:32:39+00:00","breadcrumb":{"@id":"https:\/\/mundosapps.com\/curiosidades\/#breadcrumb"},"inLanguage":"en-US","potentialAction":[{"@type":"ReadAction","target":["https:\/\/mundosapps.com\/curiosidades\/"]}]},{"@type":"ImageObject","inLanguage":"en-US","@id":"https:\/\/mundosapps.com\/curiosidades\/#primaryimage","url":"https:\/\/mundosapps.com\/wp-content\/uploads\/sites\/290\/2024\/12\/DESTAQUE-MUNDOS-550-x-350-1-6.jpg","contentUrl":"https:\/\/mundosapps.com\/wp-content\/uploads\/sites\/290\/2024\/12\/DESTAQUE-MUNDOS-550-x-350-1-6.jpg"},{"@type":"BreadcrumbList","@id":"https:\/\/mundosapps.com\/curiosidades\/#breadcrumb","itemListElement":[{"@type":"ListItem","position":1,"name":"Home","item":"https:\/\/mundosapps.com\/"},{"@type":"ListItem","position":2,"name":"Curiosidades"}]},{"@type":"WebSite","@id":"https:\/\/mundosapps.com\/#website","url":"https:\/\/mundosapps.com\/","name":"Mundos Apps","description":"","publisher":{"@id":"https:\/\/mundosapps.com\/#organization"},"potentialAction":[{"@type":"SearchAction","target":{"@type":"EntryPoint","urlTemplate":"https:\/\/mundosapps.com\/?s={search_term_string}"},"query-input":"required name=search_term_string"}],"inLanguage":"en-US"},{"@type":"Organization","@id":"https:\/\/mundosapps.com\/#organization","name":"Mundos Apps","url":"https:\/\/mundosapps.com\/","logo":{"@type":"ImageObject","inLanguage":"en-US","@id":"https:\/\/mundosapps.com\/#\/schema\/logo\/image\/","url":"https:\/\/mundosapps.com\/wp-content\/uploads\/sites\/290\/2025\/12\/cropped-LOGO-MUNDOS-APPS.png","contentUrl":"https:\/\/mundosapps.com\/wp-content\/uploads\/sites\/290\/2025\/12\/cropped-LOGO-MUNDOS-APPS.png","width":180,"height":60,"caption":"Mundos Apps"},"image":{"@id":"https:\/\/mundosapps.com\/#\/schema\/logo\/image\/"}}]}},"_links":{"self":[{"href":"https:\/\/mundosapps.com\/en\/wp-json\/wp\/v2\/pages\/15"}],"collection":[{"href":"https:\/\/mundosapps.com\/en\/wp-json\/wp\/v2\/pages"}],"about":[{"href":"https:\/\/mundosapps.com\/en\/wp-json\/wp\/v2\/types\/page"}],"replies":[{"embeddable":true,"href":"https:\/\/mundosapps.com\/en\/wp-json\/wp\/v2\/comments?post=15"}],"version-history":[{"count":0,"href":"https:\/\/mundosapps.com\/en\/wp-json\/wp\/v2\/pages\/15\/revisions"}],"wp:attachment":[{"href":"https:\/\/mundosapps.com\/en\/wp-json\/wp\/v2\/media?parent=15"}],"curies":[{"name":"wp","href":"https:\/\/api.w.org\/{rel}","templated":true}]}}