    {"id":11,"date":"2024-06-14T12:28:11","date_gmt":"2024-06-14T15:28:11","guid":{"rendered":"https:\/\/mundosapps.com\/?page_id=11"},"modified":"2024-06-14T12:28:11","modified_gmt":"2024-06-14T15:28:11","slug":"consejos","status":"publish","type":"page","link":"https:\/\/mundosapps.com\/en\/consejos\/","title":{"rendered":"Tips"},"content":{"rendered":"<p><a href=\"https:\/\/mundosapps.com\/en\/ahorrar-bateria-trucos-y-apps-imprescindibles\/\"><br \/>\n                                        <img decoding=\"async\" src=\"https:\/\/mundosapps.com\/wp-content\/uploads\/sites\/290\/2024\/12\/DESTAQUE-MUNDOS-550-x-350-1-5.jpg\" alt=\"Ahorrar bater\u00eda: trucos y apps imprescindibles\"><br \/>\n                                    <\/a><!-- .elementskit-entry-thumb END --><\/p>\n<h2>\n\t\t\t\t\t<a href=\"https:\/\/mundosapps.com\/en\/ahorrar-bateria-trucos-y-apps-imprescindibles\/\"><br \/>\n\t\t\t\t\t\tSave battery: essential tips and apps\t\t\t\t\t<\/a><br \/>\n\t\t\t\t<\/h2>\n<p>\t\t\t                                                                                <!-- .elementskit-entry-header END --><\/p>\n<p>Have you ever felt like your smartphone battery drains faster than usual just when you need it most? It&#039;s frustrating, isn&#039;t it? Especially when you&#039;re in the middle of a call\u2026<\/p>\n<p>                                                                                                                                <!-- .elementskit-post-footer END --><br \/>\n                                                                    <!-- .elementskit-post-body END --><br \/>\n                    <!-- .elementskit-blog-block-post .radius .gradient-bg END --><br \/>\n                                    <a href=\"https:\/\/mundosapps.com\/en\/los-3-mejores-apps-de-organizacion\/\"><br \/>\n                                        <img decoding=\"async\" src=\"https:\/\/mundosapps.com\/wp-content\/uploads\/sites\/290\/2024\/12\/DESTAQUE-MUNDOS-550-x-350-1-4.jpg\" alt=\"Los 3 mejores apps de organizaci\u00f3n\"><br \/>\n                                    <\/a><!-- .elementskit-entry-thumb END --><\/p>\n<h2>\n\t\t\t\t\t<a href=\"https:\/\/mundosapps.com\/en\/los-3-mejores-apps-de-organizacion\/\"><br \/>\n\t\t\t\t\t\tThe 3 best organization apps\t\t\t\t\t<\/a><br \/>\n\t\t\t\t<\/h2>\n<p>\t\t\t                                                                                <!-- .elementskit-entry-header END --><\/p>\n<p>Have you ever felt lost amidst so many tasks and commitments? We&#039;ve all been there, right? Staying organized day-to-day is a challenge we all face\u2026<\/p>\n<p>                                                                                                                                <!-- .elementskit-post-footer END --><br \/>\n                                                                    <!-- .elementskit-post-body END --><br \/>\n                    <!-- .elementskit-blog-block-post .radius .gradient-bg END --><br \/>\n                                    <a href=\"https:\/\/mundosapps.com\/en\/aprende-zumba-en-tu-celular\/\"><br \/>\n                                        <img decoding=\"async\" src=\"https:\/\/mundosapps.com\/wp-content\/uploads\/sites\/290\/2024\/12\/DESTAQUE-MUNDOS-550-x-350-1-3.jpg\" alt=\"Aprende Zumba en tu Celular\"><br \/>\n                                    <\/a><!-- .elementskit-entry-thumb END --><\/p>\n<h2>\n\t\t\t\t\t<a href=\"https:\/\/mundosapps.com\/en\/aprende-zumba-en-tu-celular\/\"><br \/>\n\t\t\t\t\t\tLearn Zumba on your cell phone\t\t\t\t\t<\/a><br \/>\n\t\t\t\t<\/h2>\n<p>\t\t\t                                                                                <!-- .elementskit-entry-header END --><\/p>\n<p>Can you imagine transforming your workout routine into something fun and super practical? Zumba, one of the most popular dance styles in the fitness world, can now\u2026<\/p>\n<p>                                                                                                                                <!-- .elementskit-post-footer END --><br \/>\n                                                                    <!-- .elementskit-post-body END --><br \/>\n                    <!-- .elementskit-blog-block-post .radius .gradient-bg END --><br \/>\n                                                            <a href=\"https:\/\/mundosapps.com\/en\/cuida-tus-plantas-con-aplicaciones-inteligentes\/\"><br \/>\n                                    <img decoding=\"async\" src=\"https:\/\/mundosapps.com\/wp-content\/uploads\/sites\/290\/2024\/11\/DESTAQUE-MUNDOS-550-x-350-4-3.jpg\" alt=\"Cuida tus plantas con aplicaciones inteligentes\"><br \/>\n                                <\/a><!-- .elementskit-entry-thumb END --><br \/>\n\t\t\t\t\t\t\t\t\t\t\t\t\t<!-- .elementskit-entry-header END --><\/p>\n<h2>\n\t\t\t\t\t<a href=\"https:\/\/mundosapps.com\/en\/cuida-tus-plantas-con-aplicaciones-inteligentes\/\"><br \/>\n\t\t\t\t\t\tTake care of your plants with smart apps\t\t\t\t\t<\/a><br \/>\n\t\t\t\t<\/h2>\n<p>                                                                            <a id=\"\" href=\"https:\/\/mundosapps.com\/en\/cuida-tus-plantas-con-aplicaciones-inteligentes\/\"><br \/>\n                                        \t                                            Learn more                                         <\/a><br \/>\n                                                    <!-- .elementskit-post-body END --><br \/>\n                                                            <a href=\"https:\/\/mundosapps.com\/en\/optimiza-la-bateria-de-tu-celular-facilmente\/\"><br \/>\n                                    <img decoding=\"async\" src=\"https:\/\/mundosapps.com\/wp-content\/uploads\/sites\/290\/2024\/11\/DESTAQUE-MUNDOS-550-x-350-3-2.jpg\" alt=\"Optimiza la bater\u00eda de tu celular f\u00e1cilmente\"><br \/>\n                                <\/a><!-- .elementskit-entry-thumb END --><br \/>\n\t\t\t\t\t\t\t\t\t\t\t\t\t<!-- .elementskit-entry-header END --><\/p>\n<h2>\n\t\t\t\t\t<a href=\"https:\/\/mundosapps.com\/en\/optimiza-la-bateria-de-tu-celular-facilmente\/\"><br \/>\n\t\t\t\t\t\tOptimize your cell phone&#039;s battery easily\t\t\t\t\t<\/a><br \/>\n\t\t\t\t<\/h2>\n<p>                                                                            <a id=\"\" href=\"https:\/\/mundosapps.com\/en\/optimiza-la-bateria-de-tu-celular-facilmente\/\"><br \/>\n                                        \t                                            Learn more                                         <\/a><br \/>\n                                                    <!-- .elementskit-post-body END --><br \/>\n                                                            <a href=\"https:\/\/mundosapps.com\/en\/aprende-saxofon-gratis-con-estas-aplicaciones\/\"><br \/>\n                                    <img decoding=\"async\" src=\"https:\/\/mundosapps.com\/wp-content\/uploads\/sites\/290\/2024\/11\/DESTAQUE-MUNDOS-550-x-350-2-6.jpg\" alt=\"Aprende Saxof\u00f3n Gratis con Estas Aplicaciones\"><br \/>\n                                <\/a><!-- .elementskit-entry-thumb END --><br \/>\n\t\t\t\t\t\t\t\t\t\t\t\t\t<!-- .elementskit-entry-header END --><\/p>\n<h2>\n\t\t\t\t\t<a href=\"https:\/\/mundosapps.com\/en\/aprende-saxofon-gratis-con-estas-aplicaciones\/\"><br \/>\n\t\t\t\t\t\tLearn Saxophone for Free with These Apps\t\t\t\t\t<\/a><br \/>\n\t\t\t\t<\/h2>\n<p>                                                                            <a id=\"\" href=\"https:\/\/mundosapps.com\/en\/aprende-saxofon-gratis-con-estas-aplicaciones\/\"><br \/>\n                                        \t                                            Learn more                                         <\/a><br \/>\n                                                    <!-- .elementskit-post-body END --><br \/>\n                                                            <a href=\"https:\/\/mundosapps.com\/en\/ribblr-la-revolucion-del-crochet-y-del-tejido-en-el-mundo-digital\/\"><br \/>\n                                    <img decoding=\"async\" src=\"https:\/\/mundosapps.com\/wp-content\/uploads\/sites\/290\/2024\/11\/DESTAQUE-MUNDOS-550-x-350-1-5.jpg\" alt=\"Ribblr: La Revoluci\u00f3n del Crochet y del Tejido en el Mundo Digital\"><br \/>\n                                <\/a><!-- .elementskit-entry-thumb END --><br \/>\n\t\t\t\t\t\t\t\t\t\t\t\t\t<!-- .elementskit-entry-header END --><\/p>\n<h2>\n\t\t\t\t\t<a href=\"https:\/\/mundosapps.com\/en\/ribblr-la-revolucion-del-crochet-y-del-tejido-en-el-mundo-digital\/\"><br \/>\n\t\t\t\t\t\tRibblr: The Crochet and Knitting Revolution in the Digital World\t\t\t\t\t<\/a><br \/>\n\t\t\t\t<\/h2>\n<p>                                                                            <a id=\"\" href=\"https:\/\/mundosapps.com\/en\/ribblr-la-revolucion-del-crochet-y-del-tejido-en-el-mundo-digital\/\"><br \/>\n                                        \t                                            Learn more                                         <\/a><br \/>\n                                                    <!-- .elementskit-post-body END --><br \/>\n                                                            <a href=\"https:\/\/mundosapps.com\/en\/latam-airlines-pasajes-aereos-con-economia-y-comodidad\/\"><br \/>\n                                    <img decoding=\"async\" src=\"https:\/\/mundosapps.com\/wp-content\/uploads\/sites\/290\/2024\/11\/DESTAQUE-MUNDOS-550-x-350-1-3.jpg\" alt=\"LATAM Airlines: Pasajes A\u00e9reos con Econom\u00eda y Comodidad\"><br \/>\n                                <\/a><!-- .elementskit-entry-thumb END --><br \/>\n\t\t\t\t\t\t\t\t\t\t\t\t\t<!-- .elementskit-entry-header END --><\/p>\n<h2>\n\t\t\t\t\t<a href=\"https:\/\/mundosapps.com\/en\/latam-airlines-pasajes-aereos-con-economia-y-comodidad\/\"><br \/>\n\t\t\t\t\t\tLATAM Airlines: Airfare with Economy and Comfort\t\t\t\t\t<\/a><br \/>\n\t\t\t\t<\/h2>\n<p>                                                                            <a id=\"\" href=\"https:\/\/mundosapps.com\/en\/latam-airlines-pasajes-aereos-con-economia-y-comodidad\/\"><br \/>\n                                        \t                                            Learn more                                         <\/a><br \/>\n                                                    <!-- .elementskit-post-body END --><br \/>\n                                                            <a href=\"https:\/\/mundosapps.com\/en\/ofertas-diarias-de-boletos-de-avion-consejos-y-sitios-esenciales\/\"><br \/>\n                                    <img decoding=\"async\" src=\"https:\/\/mundosapps.com\/wp-content\/uploads\/sites\/290\/2024\/11\/DESTAQUE-MUNDOS-550-x-350-1-2.jpg\" alt=\"Ofertas diarias de boletos de avi\u00f3n: consejos y sitios esenciales\"><br \/>\n                                <\/a><!-- .elementskit-entry-thumb END --><br \/>\n\t\t\t\t\t\t\t\t\t\t\t\t\t<!-- .elementskit-entry-header END --><\/p>\n<h2>\n\t\t\t\t\t<a href=\"https:\/\/mundosapps.com\/en\/ofertas-diarias-de-boletos-de-avion-consejos-y-sitios-esenciales\/\"><br \/>\n\t\t\t\t\t\tDaily Airline Ticket Deals: Tips and Essential Sites\t\t\t\t\t<\/a><br \/>\n\t\t\t\t<\/h2>\n<p>                                                                            <a id=\"\" href=\"https:\/\/mundosapps.com\/en\/ofertas-diarias-de-boletos-de-avion-consejos-y-sitios-esenciales\/\"><br \/>\n                                        \t                                            Learn more                                         <\/a><br \/>\n                                                    <!-- .elementskit-post-body END --><\/p>","protected":false},"excerpt":{"rendered":"<p>Ahorrar bater\u00eda: trucos y apps imprescindibles \u00bfAlguna vez has sentido que la bater\u00eda de tu smartphone se descarga m\u00e1s r\u00e1pido justo cuando m\u00e1s lo necesitas? Es frustrante, \u00bfverdad? Especialmente cuando est\u00e1s en medio de una llamada&hellip; Los 3 mejores apps de organizaci\u00f3n \u00bfAlguna vez te has sentido perdido entre tantas tareas y compromisos? A todos [&hellip;]<\/p>","protected":false},"author":0,"featured_media":0,"parent":0,"menu_order":0,"comment_status":"closed","ping_status":"closed","template":"","meta":{"footnotes":""},"yoast_head":"<!-- This site is optimized with the Yoast SEO plugin v23.3 - https:\/\/yoast.com\/wordpress\/plugins\/seo\/ -->\n<title>Consejos - Mundos Apps<\/title>\n<meta name=\"robots\" content=\"index, follow, max-snippet:-1, max-image-preview:large, max-video-preview:-1\" \/>\n<link rel=\"canonical\" href=\"https:\/\/mundosapps.com\/en\/consejos\/\" \/>\n<meta property=\"og:locale\" content=\"en_US\" \/>\n<meta property=\"og:type\" content=\"article\" \/>\n<meta property=\"og:title\" content=\"Consejos - Mundos Apps\" \/>\n<meta property=\"og:description\" content=\"Ahorrar bater\u00eda: trucos y apps imprescindibles \u00bfAlguna vez has sentido que la bater\u00eda de tu smartphone se descarga m\u00e1s r\u00e1pido justo cuando m\u00e1s lo necesitas? Es frustrante, \u00bfverdad? Especialmente cuando est\u00e1s en medio de una llamada&hellip; Los 3 mejores apps de organizaci\u00f3n \u00bfAlguna vez te has sentido perdido entre tantas tareas y compromisos? A todos [&hellip;]\" \/>\n<meta property=\"og:url\" content=\"https:\/\/mundosapps.com\/en\/consejos\/\" \/>\n<meta property=\"og:site_name\" content=\"Mundos Apps\" \/>\n<meta property=\"og:image\" content=\"https:\/\/mundosapps.com\/wp-content\/uploads\/sites\/290\/2024\/12\/DESTAQUE-MUNDOS-550-x-350-1-5.jpg\" \/>\n<meta name=\"twitter:card\" content=\"summary_large_image\" \/>\n<meta name=\"twitter:label1\" content=\"Est. reading time\" \/>\n\t<meta name=\"twitter:data1\" content=\"3 minutes\" \/>\n<script type=\"application\/ld+json\" class=\"yoast-schema-graph\">{\"@context\":\"https:\/\/schema.org\",\"@graph\":[{\"@type\":\"WebPage\",\"@id\":\"https:\/\/mundosapps.com\/consejos\/\",\"url\":\"https:\/\/mundosapps.com\/consejos\/\",\"name\":\"Consejos - Mundos Apps\",\"isPartOf\":{\"@id\":\"https:\/\/mundosapps.com\/#website\"},\"primaryImageOfPage\":{\"@id\":\"https:\/\/mundosapps.com\/consejos\/#primaryimage\"},\"image\":{\"@id\":\"https:\/\/mundosapps.com\/consejos\/#primaryimage\"},\"thumbnailUrl\":\"https:\/\/mundosapps.com\/wp-content\/uploads\/sites\/290\/2024\/12\/DESTAQUE-MUNDOS-550-x-350-1-5.jpg\",\"datePublished\":\"2024-06-14T15:28:11+00:00\",\"dateModified\":\"2024-06-14T15:28:11+00:00\",\"breadcrumb\":{\"@id\":\"https:\/\/mundosapps.com\/consejos\/#breadcrumb\"},\"inLanguage\":\"en-US\",\"potentialAction\":[{\"@type\":\"ReadAction\",\"target\":[\"https:\/\/mundosapps.com\/consejos\/\"]}]},{\"@type\":\"ImageObject\",\"inLanguage\":\"en-US\",\"@id\":\"https:\/\/mundosapps.com\/consejos\/#primaryimage\",\"url\":\"https:\/\/mundosapps.com\/wp-content\/uploads\/sites\/290\/2024\/12\/DESTAQUE-MUNDOS-550-x-350-1-5.jpg\",\"contentUrl\":\"https:\/\/mundosapps.com\/wp-content\/uploads\/sites\/290\/2024\/12\/DESTAQUE-MUNDOS-550-x-350-1-5.jpg\"},{\"@type\":\"BreadcrumbList\",\"@id\":\"https:\/\/mundosapps.com\/consejos\/#breadcrumb\",\"itemListElement\":[{\"@type\":\"ListItem\",\"position\":1,\"name\":\"Home\",\"item\":\"https:\/\/mundosapps.com\/\"},{\"@type\":\"ListItem\",\"position\":2,\"name\":\"Consejos\"}]},{\"@type\":\"WebSite\",\"@id\":\"https:\/\/mundosapps.com\/#website\",\"url\":\"https:\/\/mundosapps.com\/\",\"name\":\"Mundos Apps\",\"description\":\"\",\"publisher\":{\"@id\":\"https:\/\/mundosapps.com\/#organization\"},\"potentialAction\":[{\"@type\":\"SearchAction\",\"target\":{\"@type\":\"EntryPoint\",\"urlTemplate\":\"https:\/\/mundosapps.com\/?s={search_term_string}\"},\"query-input\":\"required name=search_term_string\"}],\"inLanguage\":\"en-US\"},{\"@type\":\"Organization\",\"@id\":\"https:\/\/mundosapps.com\/#organization\",\"name\":\"Mundos Apps\",\"url\":\"https:\/\/mundosapps.com\/\",\"logo\":{\"@type\":\"ImageObject\",\"inLanguage\":\"en-US\",\"@id\":\"https:\/\/mundosapps.com\/#\/schema\/logo\/image\/\",\"url\":\"https:\/\/mundosapps.com\/wp-content\/uploads\/sites\/290\/2025\/12\/cropped-LOGO-MUNDOS-APPS.png\",\"contentUrl\":\"https:\/\/mundosapps.com\/wp-content\/uploads\/sites\/290\/2025\/12\/cropped-LOGO-MUNDOS-APPS.png\",\"width\":180,\"height\":60,\"caption\":\"Mundos Apps\"},\"image\":{\"@id\":\"https:\/\/mundosapps.com\/#\/schema\/logo\/image\/\"}}]}<\/script>\n<!-- \/ Yoast SEO plugin. -->","yoast_head_json":{"title":"Consejos - Mundos Apps","robots":{"index":"index","follow":"follow","max-snippet":"max-snippet:-1","max-image-preview":"max-image-preview:large","max-video-preview":"max-video-preview:-1"},"canonical":"https:\/\/mundosapps.com\/en\/consejos\/","og_locale":"en_US","og_type":"article","og_title":"Consejos - Mundos Apps","og_description":"Ahorrar bater\u00eda: trucos y apps imprescindibles \u00bfAlguna vez has sentido que la bater\u00eda de tu smartphone se descarga m\u00e1s r\u00e1pido justo cuando m\u00e1s lo necesitas? Es frustrante, \u00bfverdad? Especialmente cuando est\u00e1s en medio de una llamada&hellip; Los 3 mejores apps de organizaci\u00f3n \u00bfAlguna vez te has sentido perdido entre tantas tareas y compromisos? A todos [&hellip;]","og_url":"https:\/\/mundosapps.com\/en\/consejos\/","og_site_name":"Mundos Apps","og_image":[{"url":"https:\/\/mundosapps.com\/wp-content\/uploads\/sites\/290\/2024\/12\/DESTAQUE-MUNDOS-550-x-350-1-5.jpg"}],"twitter_card":"summary_large_image","twitter_misc":{"Est. reading time":"3 minutes"},"schema":{"@context":"https:\/\/schema.org","@graph":[{"@type":"WebPage","@id":"https:\/\/mundosapps.com\/consejos\/","url":"https:\/\/mundosapps.com\/consejos\/","name":"Consejos - Mundos Apps","isPartOf":{"@id":"https:\/\/mundosapps.com\/#website"},"primaryImageOfPage":{"@id":"https:\/\/mundosapps.com\/consejos\/#primaryimage"},"image":{"@id":"https:\/\/mundosapps.com\/consejos\/#primaryimage"},"thumbnailUrl":"https:\/\/mundosapps.com\/wp-content\/uploads\/sites\/290\/2024\/12\/DESTAQUE-MUNDOS-550-x-350-1-5.jpg","datePublished":"2024-06-14T15:28:11+00:00","dateModified":"2024-06-14T15:28:11+00:00","breadcrumb":{"@id":"https:\/\/mundosapps.com\/consejos\/#breadcrumb"},"inLanguage":"en-US","potentialAction":[{"@type":"ReadAction","target":["https:\/\/mundosapps.com\/consejos\/"]}]},{"@type":"ImageObject","inLanguage":"en-US","@id":"https:\/\/mundosapps.com\/consejos\/#primaryimage","url":"https:\/\/mundosapps.com\/wp-content\/uploads\/sites\/290\/2024\/12\/DESTAQUE-MUNDOS-550-x-350-1-5.jpg","contentUrl":"https:\/\/mundosapps.com\/wp-content\/uploads\/sites\/290\/2024\/12\/DESTAQUE-MUNDOS-550-x-350-1-5.jpg"},{"@type":"BreadcrumbList","@id":"https:\/\/mundosapps.com\/consejos\/#breadcrumb","itemListElement":[{"@type":"ListItem","position":1,"name":"Home","item":"https:\/\/mundosapps.com\/"},{"@type":"ListItem","position":2,"name":"Consejos"}]},{"@type":"WebSite","@id":"https:\/\/mundosapps.com\/#website","url":"https:\/\/mundosapps.com\/","name":"Mundos Apps","description":"","publisher":{"@id":"https:\/\/mundosapps.com\/#organization"},"potentialAction":[{"@type":"SearchAction","target":{"@type":"EntryPoint","urlTemplate":"https:\/\/mundosapps.com\/?s={search_term_string}"},"query-input":"required name=search_term_string"}],"inLanguage":"en-US"},{"@type":"Organization","@id":"https:\/\/mundosapps.com\/#organization","name":"Mundos Apps","url":"https:\/\/mundosapps.com\/","logo":{"@type":"ImageObject","inLanguage":"en-US","@id":"https:\/\/mundosapps.com\/#\/schema\/logo\/image\/","url":"https:\/\/mundosapps.com\/wp-content\/uploads\/sites\/290\/2025\/12\/cropped-LOGO-MUNDOS-APPS.png","contentUrl":"https:\/\/mundosapps.com\/wp-content\/uploads\/sites\/290\/2025\/12\/cropped-LOGO-MUNDOS-APPS.png","width":180,"height":60,"caption":"Mundos Apps"},"image":{"@id":"https:\/\/mundosapps.com\/#\/schema\/logo\/image\/"}}]}},"_links":{"self":[{"href":"https:\/\/mundosapps.com\/en\/wp-json\/wp\/v2\/pages\/11"}],"collection":[{"href":"https:\/\/mundosapps.com\/en\/wp-json\/wp\/v2\/pages"}],"about":[{"href":"https:\/\/mundosapps.com\/en\/wp-json\/wp\/v2\/types\/page"}],"replies":[{"embeddable":true,"href":"https:\/\/mundosapps.com\/en\/wp-json\/wp\/v2\/comments?post=11"}],"version-history":[{"count":0,"href":"https:\/\/mundosapps.com\/en\/wp-json\/wp\/v2\/pages\/11\/revisions"}],"wp:attachment":[{"href":"https:\/\/mundosapps.com\/en\/wp-json\/wp\/v2\/media?parent=11"}],"curies":[{"name":"wp","href":"https:\/\/api.w.org\/{rel}","templated":true}]}}