    {"id":22,"date":"2024-06-14T12:34:15","date_gmt":"2024-06-14T15:34:15","guid":{"rendered":"https:\/\/mundosapps.com\/?page_id=22"},"modified":"2024-06-14T12:34:15","modified_gmt":"2024-06-14T15:34:15","slug":"terminos-y-condiciones-de-uso","status":"publish","type":"page","link":"https:\/\/mundosapps.com\/de\/terminos-y-condiciones-de-uso\/","title":{"rendered":"Nutzungsbedingungen"},"content":{"rendered":"<h2 class=\"wp-block-heading\">1. Bedingungen<\/h2>\n\n\n\n<p>Indem Sie auf die Website von Mundos Apps zugreifen, erkl\u00e4ren Sie sich mit diesen Servicebedingungen sowie allen geltenden Gesetzen und Vorschriften einverstanden und erkl\u00e4ren sich damit einverstanden, dass Sie f\u00fcr die Einhaltung aller geltenden lokalen Gesetze verantwortlich sind.<\/p>\n\n\n\n<p>Wenn Sie mit diesen Bedingungen nicht einverstanden sind, ist Ihnen die Nutzung und der Zugriff auf diese Website untersagt. Die Materialien auf dieser Website sind durch geltendes Urheber- und Markenrecht gesch\u00fctzt.<\/p>\n\n\n\n<h2 class=\"wp-block-heading\">2. Nutzung der Lizenz<\/h2>\n\n\n\n<p>Es wird die Erlaubnis erteilt, vor\u00fcbergehend eine Kopie der Materialien (Informationen oder Software) auf der Website von Mundos Apps herunterzuladen, und zwar ausschlie\u00dflich zur pers\u00f6nlichen, nicht kommerziellen, vor\u00fcbergehenden Ansicht.<\/p>\n\n\n\n<p>Dies ist die Gew\u00e4hrung einer Lizenz, keine \u00dcbertragung des Eigentums, und im Rahmen dieser Lizenz d\u00fcrfen Sie nicht:<\/p>\n\n\n\n<ul>\n<li>die Materialien zu ver\u00e4ndern oder zu kopieren;<\/li>\n\n\n\n<li>die Materialien f\u00fcr kommerzielle Zwecke oder zur \u00f6ffentlichen Darstellung (kommerziell oder nicht kommerziell) zu verwenden;<\/li>\n\n\n\n<li>versuchen, die auf der Mundos Apps-Website enthaltene Software zu dekompilieren oder zur\u00fcckzuentwickeln;<\/li>\n\n\n\n<li>jegliche Urheberrechts- oder sonstige Eigentumsvermerke aus den Materialien entfernen;<\/li>\n<\/ul>\n\n\n\n<p>oder die Materialien an eine andere Person zu \u00fcbertragen oder die Materialien auf einem anderen Server zu \u201espiegeln\u201c.<\/p>\n\n\n\n<p>Diese Lizenz erlischt automatisch, wenn Sie gegen eine dieser Einschr\u00e4nkungen versto\u00dfen, und kann von Mundos Apps jederzeit gek\u00fcndigt werden.<\/p>\n\n\n\n<p>Wenn Sie die Anzeige dieser Materialien beenden oder diese Lizenz k\u00fcndigen, m\u00fcssen Sie alle heruntergeladenen Materialien in Ihrem Besitz l\u00f6schen, unabh\u00e4ngig davon, ob sie in elektronischer oder gedruckter Form vorliegen.<\/p>\n\n\n\n<h2 class=\"wp-block-heading\">3. Haftungsausschluss<\/h2>\n\n\n\n<p>Die Materialien auf der Website von Mundos Apps werden \u201ewie besehen\u201c bereitgestellt.<\/p>\n\n\n\n<p>Mundos Apps \u00fcbernimmt keine ausdr\u00fccklichen oder stillschweigenden Garantien und lehnt hiermit alle anderen Garantien ab, einschlie\u00dflich, aber nicht beschr\u00e4nkt auf stillschweigende Garantien oder Bedingungen der Marktg\u00e4ngigkeit, Eignung f\u00fcr einen bestimmten Zweck oder Nichtverletzung von geistigem Eigentum oder andere Rechtsverletzungen.<\/p>\n\n\n\n<p>Dar\u00fcber hinaus \u00fcbernimmt Mundos Apps keine Garantie oder Zusicherung hinsichtlich der Genauigkeit, der wahrscheinlichen Ergebnisse oder der Zuverl\u00e4ssigkeit der Verwendung der Materialien auf seiner Internet-Website oder in sonstiger Weise in Bezug auf diese Materialien oder auf Websites, die mit dieser Website verlinkt sind.<\/p>\n\n\n\n<h2 class=\"wp-block-heading\">4. Einschr\u00e4nkungen<\/h2>\n\n\n\n<p>Mundos Apps oder seine Lieferanten haften in keinem Fall f\u00fcr Sch\u00e4den (einschlie\u00dflich, aber nicht beschr\u00e4nkt auf Sch\u00e4den durch Datenverlust oder entgangenen Gewinn oder aufgrund von Gesch\u00e4ftsunterbrechungen), die aus der Nutzung oder der Unm\u00f6glichkeit der Nutzung der Materialien auf Mundos Apps entstehen, selbst wenn Mundos Apps oder ein autorisierter Vertreter von Mundos Apps m\u00fcndlich oder schriftlich \u00fcber die M\u00f6glichkeit solcher Sch\u00e4den informiert wurde.<\/p>\n\n\n\n<p>Da in einigen Rechtsr\u00e4umen Beschr\u00e4nkungen stillschweigender Garantien oder Haftungsbeschr\u00e4nkungen f\u00fcr Folge- oder Nebensch\u00e4den nicht zul\u00e4ssig sind, gelten diese Beschr\u00e4nkungen m\u00f6glicherweise nicht f\u00fcr Sie.<\/p>\n\n\n\n<h2 class=\"wp-block-heading\">5. Genauigkeit der Materialien<\/h2>\n\n\n\n<p>Die auf der Website von Mundos Apps erscheinenden Materialien k\u00f6nnen technische, typografische oder fotografische Fehler enthalten.<\/p>\n\n\n\n<p>Mundos Apps \u00fcbernimmt keine Gew\u00e4hr f\u00fcr die Richtigkeit, Vollst\u00e4ndigkeit oder Aktualit\u00e4t der Materialien auf seiner Website.<\/p>\n\n\n\n<p>Mundos Apps kann jederzeit und ohne Vorank\u00fcndigung \u00c4nderungen an den auf seiner Website enthaltenen Materialien vornehmen.<\/p>\n\n\n\n<p>Mundos Apps \u00fcbernimmt jedoch keine Verpflichtung zur Aktualisierung der Materialien.<\/p>\n\n\n\n<h2 class=\"wp-block-heading\">6. Links<\/h2>\n\n\n\n<p>Mundos Apps hat nicht alle mit seiner Website verlinkten Sites \u00fcberpr\u00fcft und ist nicht f\u00fcr den Inhalt dieser verlinkten Sites verantwortlich.<\/p>\n\n\n\n<p>Die Aufnahme eines Links bedeutet nicht, dass Mundos Apps die Site unterst\u00fctzt.<\/p>\n\n\n\n<p>Die Nutzung aller verlinkten Sites erfolgt auf eigene Gefahr des Benutzers.<\/p>\n\n\n\n<h3 class=\"wp-block-heading\">\u00c4nderungen<\/h3>\n\n\n\n<p>Mundos Apps kann diese Servicebedingungen jederzeit ohne vorherige Ank\u00fcndigung \u00fcberarbeiten.<\/p>\n\n\n\n<p>Durch die Nutzung dieser Site erkl\u00e4ren Sie sich mit der jeweils aktuellen Version dieser Servicebedingungen einverstanden.<\/p>\n\n\n\n<h3 class=\"wp-block-heading\">Geltende Gesetzgebung<\/h3>\n\n\n\n<p>Diese Gesch\u00e4ftsbedingungen unterliegen den Gesetzen von Mundos Apps und werden in \u00dcbereinstimmung mit diesen ausgelegt. Sie unterwerfen sich unwiderruflich der ausschlie\u00dflichen Zust\u00e4ndigkeit der Gerichte in diesem Staat oder an diesem Ort.<\/p>","protected":false},"excerpt":{"rendered":"<p>1. Bedingungen Mit dem Zugriff auf die Mundos Apps-Website erkl\u00e4ren Sie sich mit diesen Nutzungsbedingungen sowie allen geltenden Gesetzen und Vorschriften einverstanden und erkl\u00e4ren sich damit einverstanden, dass Sie f\u00fcr die Einhaltung aller geltenden lokalen Gesetze verantwortlich sind. Wenn Sie mit diesen Bedingungen nicht einverstanden sind, ist Ihnen die Nutzung oder der Zugriff auf diese Website untersagt. [\u2026]<\/p>","protected":false},"author":0,"featured_media":0,"parent":0,"menu_order":0,"comment_status":"closed","ping_status":"closed","template":"","meta":{"footnotes":""},"yoast_head":"<!-- This site is optimized with the Yoast SEO plugin v23.3 - https:\/\/yoast.com\/wordpress\/plugins\/seo\/ -->\n<title>T\u00e9rminos y condiciones de uso - Mundos Apps<\/title>\n<meta name=\"description\" content=\"T\u00e9rminos y condiciones de uso. Al acceder al sitio web de Mundos Apps, usted acepta cu...\" \/>\n<meta name=\"robots\" content=\"index, follow, max-snippet:-1, max-image-preview:large, max-video-preview:-1\" \/>\n<link rel=\"canonical\" href=\"https:\/\/mundosapps.com\/de\/terminos-y-condiciones-de-uso\/\" \/>\n<meta property=\"og:locale\" content=\"de_DE\" \/>\n<meta property=\"og:type\" content=\"article\" \/>\n<meta property=\"og:title\" content=\"T\u00e9rminos y condiciones de uso - Mundos Apps\" \/>\n<meta property=\"og:description\" content=\"T\u00e9rminos y condiciones de uso. Al acceder al sitio web de Mundos Apps, usted acepta cu...\" \/>\n<meta property=\"og:url\" content=\"https:\/\/mundosapps.com\/de\/terminos-y-condiciones-de-uso\/\" \/>\n<meta property=\"og:site_name\" content=\"Mundos Apps\" \/>\n<meta name=\"twitter:card\" content=\"summary_large_image\" \/>\n<meta name=\"twitter:label1\" content=\"Est. reading time\" \/>\n\t<meta name=\"twitter:data1\" content=\"4 Minuten\" \/>\n<script type=\"application\/ld+json\" class=\"yoast-schema-graph\">{\"@context\":\"https:\/\/schema.org\",\"@graph\":[{\"@type\":\"WebPage\",\"@id\":\"https:\/\/mundosapps.com\/terminos-y-condiciones-de-uso\/\",\"url\":\"https:\/\/mundosapps.com\/terminos-y-condiciones-de-uso\/\",\"name\":\"T\u00e9rminos y condiciones de uso - Mundos Apps\",\"isPartOf\":{\"@id\":\"https:\/\/mundosapps.com\/#website\"},\"datePublished\":\"2024-06-14T15:34:15+00:00\",\"dateModified\":\"2024-06-14T15:34:15+00:00\",\"description\":\"T\u00e9rminos y condiciones de uso. Al acceder al sitio web de Mundos Apps, usted acepta cu...\",\"breadcrumb\":{\"@id\":\"https:\/\/mundosapps.com\/terminos-y-condiciones-de-uso\/#breadcrumb\"},\"inLanguage\":\"de-DE\",\"potentialAction\":[{\"@type\":\"ReadAction\",\"target\":[\"https:\/\/mundosapps.com\/terminos-y-condiciones-de-uso\/\"]}]},{\"@type\":\"BreadcrumbList\",\"@id\":\"https:\/\/mundosapps.com\/terminos-y-condiciones-de-uso\/#breadcrumb\",\"itemListElement\":[{\"@type\":\"ListItem\",\"position\":1,\"name\":\"Home\",\"item\":\"https:\/\/mundosapps.com\/\"},{\"@type\":\"ListItem\",\"position\":2,\"name\":\"T\u00e9rminos y condiciones de uso\"}]},{\"@type\":\"WebSite\",\"@id\":\"https:\/\/mundosapps.com\/#website\",\"url\":\"https:\/\/mundosapps.com\/\",\"name\":\"Mundos Apps\",\"description\":\"\",\"publisher\":{\"@id\":\"https:\/\/mundosapps.com\/#organization\"},\"potentialAction\":[{\"@type\":\"SearchAction\",\"target\":{\"@type\":\"EntryPoint\",\"urlTemplate\":\"https:\/\/mundosapps.com\/?s={search_term_string}\"},\"query-input\":\"required name=search_term_string\"}],\"inLanguage\":\"de-DE\"},{\"@type\":\"Organization\",\"@id\":\"https:\/\/mundosapps.com\/#organization\",\"name\":\"Mundos Apps\",\"url\":\"https:\/\/mundosapps.com\/\",\"logo\":{\"@type\":\"ImageObject\",\"inLanguage\":\"de-DE\",\"@id\":\"https:\/\/mundosapps.com\/#\/schema\/logo\/image\/\",\"url\":\"https:\/\/mundosapps.com\/wp-content\/uploads\/sites\/290\/2025\/12\/cropped-LOGO-MUNDOS-APPS.png\",\"contentUrl\":\"https:\/\/mundosapps.com\/wp-content\/uploads\/sites\/290\/2025\/12\/cropped-LOGO-MUNDOS-APPS.png\",\"width\":180,\"height\":60,\"caption\":\"Mundos Apps\"},\"image\":{\"@id\":\"https:\/\/mundosapps.com\/#\/schema\/logo\/image\/\"}}]}<\/script>\n<!-- \/ Yoast SEO plugin. -->","yoast_head_json":{"title":"T\u00e9rminos y condiciones de uso - Mundos Apps","description":"T\u00e9rminos y condiciones de uso. Al acceder al sitio web de Mundos Apps, usted acepta cu...","robots":{"index":"index","follow":"follow","max-snippet":"max-snippet:-1","max-image-preview":"max-image-preview:large","max-video-preview":"max-video-preview:-1"},"canonical":"https:\/\/mundosapps.com\/de\/terminos-y-condiciones-de-uso\/","og_locale":"de_DE","og_type":"article","og_title":"T\u00e9rminos y condiciones de uso - Mundos Apps","og_description":"T\u00e9rminos y condiciones de uso. Al acceder al sitio web de Mundos Apps, usted acepta cu...","og_url":"https:\/\/mundosapps.com\/de\/terminos-y-condiciones-de-uso\/","og_site_name":"Mundos Apps","twitter_card":"summary_large_image","twitter_misc":{"Est. reading time":"4 Minuten"},"schema":{"@context":"https:\/\/schema.org","@graph":[{"@type":"WebPage","@id":"https:\/\/mundosapps.com\/terminos-y-condiciones-de-uso\/","url":"https:\/\/mundosapps.com\/terminos-y-condiciones-de-uso\/","name":"T\u00e9rminos y condiciones de uso - Mundos Apps","isPartOf":{"@id":"https:\/\/mundosapps.com\/#website"},"datePublished":"2024-06-14T15:34:15+00:00","dateModified":"2024-06-14T15:34:15+00:00","description":"T\u00e9rminos y condiciones de uso. Al acceder al sitio web de Mundos Apps, usted acepta cu...","breadcrumb":{"@id":"https:\/\/mundosapps.com\/terminos-y-condiciones-de-uso\/#breadcrumb"},"inLanguage":"de-DE","potentialAction":[{"@type":"ReadAction","target":["https:\/\/mundosapps.com\/terminos-y-condiciones-de-uso\/"]}]},{"@type":"BreadcrumbList","@id":"https:\/\/mundosapps.com\/terminos-y-condiciones-de-uso\/#breadcrumb","itemListElement":[{"@type":"ListItem","position":1,"name":"Home","item":"https:\/\/mundosapps.com\/"},{"@type":"ListItem","position":2,"name":"T\u00e9rminos y condiciones de uso"}]},{"@type":"WebSite","@id":"https:\/\/mundosapps.com\/#website","url":"https:\/\/mundosapps.com\/","name":"Mundos Apps","description":"","publisher":{"@id":"https:\/\/mundosapps.com\/#organization"},"potentialAction":[{"@type":"SearchAction","target":{"@type":"EntryPoint","urlTemplate":"https:\/\/mundosapps.com\/?s={search_term_string}"},"query-input":"required name=search_term_string"}],"inLanguage":"de-DE"},{"@type":"Organization","@id":"https:\/\/mundosapps.com\/#organization","name":"Mundos Apps","url":"https:\/\/mundosapps.com\/","logo":{"@type":"ImageObject","inLanguage":"de-DE","@id":"https:\/\/mundosapps.com\/#\/schema\/logo\/image\/","url":"https:\/\/mundosapps.com\/wp-content\/uploads\/sites\/290\/2025\/12\/cropped-LOGO-MUNDOS-APPS.png","contentUrl":"https:\/\/mundosapps.com\/wp-content\/uploads\/sites\/290\/2025\/12\/cropped-LOGO-MUNDOS-APPS.png","width":180,"height":60,"caption":"Mundos Apps"},"image":{"@id":"https:\/\/mundosapps.com\/#\/schema\/logo\/image\/"}}]}},"_links":{"self":[{"href":"https:\/\/mundosapps.com\/de\/wp-json\/wp\/v2\/pages\/22"}],"collection":[{"href":"https:\/\/mundosapps.com\/de\/wp-json\/wp\/v2\/pages"}],"about":[{"href":"https:\/\/mundosapps.com\/de\/wp-json\/wp\/v2\/types\/page"}],"replies":[{"embeddable":true,"href":"https:\/\/mundosapps.com\/de\/wp-json\/wp\/v2\/comments?post=22"}],"version-history":[{"count":0,"href":"https:\/\/mundosapps.com\/de\/wp-json\/wp\/v2\/pages\/22\/revisions"}],"wp:attachment":[{"href":"https:\/\/mundosapps.com\/de\/wp-json\/wp\/v2\/media?parent=22"}],"curies":[{"name":"wp","href":"https:\/\/api.w.org\/{rel}","templated":true}]}}