    {"id":20,"date":"2024-06-14T12:33:57","date_gmt":"2024-06-14T15:33:57","guid":{"rendered":"https:\/\/mundosapps.com\/?page_id=20"},"modified":"2024-06-14T12:33:57","modified_gmt":"2024-06-14T15:33:57","slug":"quienes-somos","status":"publish","type":"page","link":"https:\/\/mundosapps.com\/de\/quienes-somos\/","title":{"rendered":"Wer wir sind"},"content":{"rendered":"<h2 class=\"wp-block-heading\">Wer wir sind<\/h2>\n\n\n\n<h3 class=\"wp-block-heading\">Willkommen bei Mundos Apps!<\/h3>\n\n\n\n<p>Wir begeistern uns f\u00fcr Technologie und m\u00f6chten diese Begeisterung mit Ihnen teilen. Bei Mundos Apps finden Sie ausf\u00fchrliche Artikel zu den neuesten Technologie-News, Testberichte zu n\u00fctzlichen Apps, praktische Tipps und Wissenswertes rund um die digitale Welt.<\/p>\n\n\n\n<h2 class=\"wp-block-heading\">Unsere Mission<\/h2>\n\n\n\n<p>Unsere Mission ist es, Technologie f\u00fcr alle zug\u00e4nglich und verst\u00e4ndlich zu machen. Wir m\u00f6chten Ihnen helfen, neue Tools und Ressourcen zu entdecken, die Ihren Alltag erleichtern, Ihre Produktivit\u00e4t steigern und mehr Spa\u00df und Unterhaltung in Ihr Leben bringen.<\/p>\n\n\n\n<h2 class=\"wp-block-heading\">Was wir tun<\/h2>\n\n\n\n<p>Bei Mundos Apps widmen wir uns dem Testen und Bewerten verschiedener Apps, Gadgets und digitaler Dienste. Unsere Inhalte basieren auf gr\u00fcndlicher Recherche und realen Erfahrungen, um sicherzustellen, dass Sie genaue und zuverl\u00e4ssige Informationen erhalten.<\/p>\n\n\n\n<h3 class=\"wp-block-heading\">Hauptthemen<\/h3>\n\n\n\n<ul>\n<li><strong>Technologie:<\/strong> Bleiben Sie \u00fcber technologische Trends und Innovationen auf dem Laufenden.<\/li>\n\n\n\n<li><strong>Anwendungen:<\/strong> Entdecken Sie die besten Apps f\u00fcr alle Ihre Anforderungen.<\/li>\n\n\n\n<li><strong>Tipps:<\/strong> Erfahren Sie Tipps und Tricks zur Verbesserung Ihres digitalen Erlebnisses.<\/li>\n\n\n\n<li><strong>Kuriosit\u00e4ten:<\/strong> Entdecken Sie Wissenswertes und Kurioses aus der Welt der Technik.<\/li>\n<\/ul>\n\n\n\n<h2 class=\"wp-block-heading\">Unser Team<\/h2>\n\n\n\n<p>Wir sind ein Team aus Technikbegeisterten, Entwicklern und Autoren, die sich der Bereitstellung hochwertiger Inhalte verschrieben haben. Wir glauben, dass Technologie Leben ver\u00e4ndern kann, und wir sind hier, um Ihnen zu helfen, das Beste aus dieser erstaunlichen Welt zu machen.<\/p>\n\n\n\n<h2 class=\"wp-block-heading\">Kontakt<\/h2>\n\n\n\n<p>Wir freuen uns \u00fcber Feedback von unseren Lesern! Wenn Sie Anregungen oder Fragen haben oder einfach nur \u00fcber Technologie chatten m\u00f6chten, z\u00f6gern Sie nicht, uns zu kontaktieren. Wir sind immer bereit, zu helfen und Ideen auszutauschen.<\/p>\n\n\n\n<p>Vielen Dank f\u00fcr Ihren Besuch und wir hoffen, dass Ihnen die Inhalte auf Mundos Apps gefallen.<\/p>","protected":false},"excerpt":{"rendered":"<p>Wer wir sind Willkommen bei Mundos Apps! Wir begeistern uns f\u00fcr Technologie und m\u00f6chten diese Begeisterung mit Ihnen teilen. Bei Mundos Apps finden Sie ausf\u00fchrliche Artikel zu den neuesten Technologie-News, n\u00fctzliche App-Tests, praktische Tipps und Wissenswertes rund um die digitale Welt. Unsere Mission: Technologie zug\u00e4nglich und verst\u00e4ndlich zu machen [\u2026]<\/p>","protected":false},"author":0,"featured_media":0,"parent":0,"menu_order":0,"comment_status":"closed","ping_status":"closed","template":"","meta":{"footnotes":""},"yoast_head":"<!-- This site is optimized with the Yoast SEO plugin v23.3 - https:\/\/yoast.com\/wordpress\/plugins\/seo\/ -->\n<title>Qui\u00e9nes somos - Mundos Apps<\/title>\n<meta name=\"description\" content=\"Qui\u00e9nes somos. \u00a1Bienvenido a Mundos Apps!Somos apasionados por la tecnolog\u00eda y nuestro objetivo es compartir este entusiasmo contigo\" \/>\n<meta name=\"robots\" content=\"index, follow, max-snippet:-1, max-image-preview:large, max-video-preview:-1\" \/>\n<link rel=\"canonical\" href=\"https:\/\/mundosapps.com\/de\/quienes-somos\/\" \/>\n<meta property=\"og:locale\" content=\"de_DE\" \/>\n<meta property=\"og:type\" content=\"article\" \/>\n<meta property=\"og:title\" content=\"Qui\u00e9nes somos - Mundos Apps\" \/>\n<meta property=\"og:description\" content=\"Qui\u00e9nes somos. \u00a1Bienvenido a Mundos Apps!Somos apasionados por la tecnolog\u00eda y nuestro objetivo es compartir este entusiasmo contigo\" \/>\n<meta property=\"og:url\" content=\"https:\/\/mundosapps.com\/de\/quienes-somos\/\" \/>\n<meta property=\"og:site_name\" content=\"Mundos Apps\" \/>\n<meta name=\"twitter:card\" content=\"summary_large_image\" \/>\n<meta name=\"twitter:label1\" content=\"Est. reading time\" \/>\n\t<meta name=\"twitter:data1\" content=\"2 Minuten\" \/>\n<script type=\"application\/ld+json\" class=\"yoast-schema-graph\">{\"@context\":\"https:\/\/schema.org\",\"@graph\":[{\"@type\":\"WebPage\",\"@id\":\"https:\/\/mundosapps.com\/quienes-somos\/\",\"url\":\"https:\/\/mundosapps.com\/quienes-somos\/\",\"name\":\"Qui\u00e9nes somos - Mundos Apps\",\"isPartOf\":{\"@id\":\"https:\/\/mundosapps.com\/#website\"},\"datePublished\":\"2024-06-14T15:33:57+00:00\",\"dateModified\":\"2024-06-14T15:33:57+00:00\",\"description\":\"Qui\u00e9nes somos. \u00a1Bienvenido a Mundos Apps!Somos apasionados por la tecnolog\u00eda y nuestro objetivo es compartir este entusiasmo contigo\",\"breadcrumb\":{\"@id\":\"https:\/\/mundosapps.com\/quienes-somos\/#breadcrumb\"},\"inLanguage\":\"de-DE\",\"potentialAction\":[{\"@type\":\"ReadAction\",\"target\":[\"https:\/\/mundosapps.com\/quienes-somos\/\"]}]},{\"@type\":\"BreadcrumbList\",\"@id\":\"https:\/\/mundosapps.com\/quienes-somos\/#breadcrumb\",\"itemListElement\":[{\"@type\":\"ListItem\",\"position\":1,\"name\":\"Home\",\"item\":\"https:\/\/mundosapps.com\/\"},{\"@type\":\"ListItem\",\"position\":2,\"name\":\"Qui\u00e9nes somos\"}]},{\"@type\":\"WebSite\",\"@id\":\"https:\/\/mundosapps.com\/#website\",\"url\":\"https:\/\/mundosapps.com\/\",\"name\":\"Mundos Apps\",\"description\":\"\",\"publisher\":{\"@id\":\"https:\/\/mundosapps.com\/#organization\"},\"potentialAction\":[{\"@type\":\"SearchAction\",\"target\":{\"@type\":\"EntryPoint\",\"urlTemplate\":\"https:\/\/mundosapps.com\/?s={search_term_string}\"},\"query-input\":\"required name=search_term_string\"}],\"inLanguage\":\"de-DE\"},{\"@type\":\"Organization\",\"@id\":\"https:\/\/mundosapps.com\/#organization\",\"name\":\"Mundos Apps\",\"url\":\"https:\/\/mundosapps.com\/\",\"logo\":{\"@type\":\"ImageObject\",\"inLanguage\":\"de-DE\",\"@id\":\"https:\/\/mundosapps.com\/#\/schema\/logo\/image\/\",\"url\":\"https:\/\/mundosapps.com\/wp-content\/uploads\/sites\/290\/2025\/12\/cropped-LOGO-MUNDOS-APPS.png\",\"contentUrl\":\"https:\/\/mundosapps.com\/wp-content\/uploads\/sites\/290\/2025\/12\/cropped-LOGO-MUNDOS-APPS.png\",\"width\":180,\"height\":60,\"caption\":\"Mundos Apps\"},\"image\":{\"@id\":\"https:\/\/mundosapps.com\/#\/schema\/logo\/image\/\"}}]}<\/script>\n<!-- \/ Yoast SEO plugin. -->","yoast_head_json":{"title":"Qui\u00e9nes somos - Mundos Apps","description":"Qui\u00e9nes somos. \u00a1Bienvenido a Mundos Apps!Somos apasionados por la tecnolog\u00eda y nuestro objetivo es compartir este entusiasmo contigo","robots":{"index":"index","follow":"follow","max-snippet":"max-snippet:-1","max-image-preview":"max-image-preview:large","max-video-preview":"max-video-preview:-1"},"canonical":"https:\/\/mundosapps.com\/de\/quienes-somos\/","og_locale":"de_DE","og_type":"article","og_title":"Qui\u00e9nes somos - Mundos Apps","og_description":"Qui\u00e9nes somos. \u00a1Bienvenido a Mundos Apps!Somos apasionados por la tecnolog\u00eda y nuestro objetivo es compartir este entusiasmo contigo","og_url":"https:\/\/mundosapps.com\/de\/quienes-somos\/","og_site_name":"Mundos Apps","twitter_card":"summary_large_image","twitter_misc":{"Est. reading time":"2 Minuten"},"schema":{"@context":"https:\/\/schema.org","@graph":[{"@type":"WebPage","@id":"https:\/\/mundosapps.com\/quienes-somos\/","url":"https:\/\/mundosapps.com\/quienes-somos\/","name":"Qui\u00e9nes somos - Mundos Apps","isPartOf":{"@id":"https:\/\/mundosapps.com\/#website"},"datePublished":"2024-06-14T15:33:57+00:00","dateModified":"2024-06-14T15:33:57+00:00","description":"Qui\u00e9nes somos. \u00a1Bienvenido a Mundos Apps!Somos apasionados por la tecnolog\u00eda y nuestro objetivo es compartir este entusiasmo contigo","breadcrumb":{"@id":"https:\/\/mundosapps.com\/quienes-somos\/#breadcrumb"},"inLanguage":"de-DE","potentialAction":[{"@type":"ReadAction","target":["https:\/\/mundosapps.com\/quienes-somos\/"]}]},{"@type":"BreadcrumbList","@id":"https:\/\/mundosapps.com\/quienes-somos\/#breadcrumb","itemListElement":[{"@type":"ListItem","position":1,"name":"Home","item":"https:\/\/mundosapps.com\/"},{"@type":"ListItem","position":2,"name":"Qui\u00e9nes somos"}]},{"@type":"WebSite","@id":"https:\/\/mundosapps.com\/#website","url":"https:\/\/mundosapps.com\/","name":"Mundos Apps","description":"","publisher":{"@id":"https:\/\/mundosapps.com\/#organization"},"potentialAction":[{"@type":"SearchAction","target":{"@type":"EntryPoint","urlTemplate":"https:\/\/mundosapps.com\/?s={search_term_string}"},"query-input":"required name=search_term_string"}],"inLanguage":"de-DE"},{"@type":"Organization","@id":"https:\/\/mundosapps.com\/#organization","name":"Mundos Apps","url":"https:\/\/mundosapps.com\/","logo":{"@type":"ImageObject","inLanguage":"de-DE","@id":"https:\/\/mundosapps.com\/#\/schema\/logo\/image\/","url":"https:\/\/mundosapps.com\/wp-content\/uploads\/sites\/290\/2025\/12\/cropped-LOGO-MUNDOS-APPS.png","contentUrl":"https:\/\/mundosapps.com\/wp-content\/uploads\/sites\/290\/2025\/12\/cropped-LOGO-MUNDOS-APPS.png","width":180,"height":60,"caption":"Mundos Apps"},"image":{"@id":"https:\/\/mundosapps.com\/#\/schema\/logo\/image\/"}}]}},"_links":{"self":[{"href":"https:\/\/mundosapps.com\/de\/wp-json\/wp\/v2\/pages\/20"}],"collection":[{"href":"https:\/\/mundosapps.com\/de\/wp-json\/wp\/v2\/pages"}],"about":[{"href":"https:\/\/mundosapps.com\/de\/wp-json\/wp\/v2\/types\/page"}],"replies":[{"embeddable":true,"href":"https:\/\/mundosapps.com\/de\/wp-json\/wp\/v2\/comments?post=20"}],"version-history":[{"count":0,"href":"https:\/\/mundosapps.com\/de\/wp-json\/wp\/v2\/pages\/20\/revisions"}],"wp:attachment":[{"href":"https:\/\/mundosapps.com\/de\/wp-json\/wp\/v2\/media?parent=20"}],"curies":[{"name":"wp","href":"https:\/\/api.w.org\/{rel}","templated":true}]}}