    {"id":18,"date":"2024-06-14T12:33:29","date_gmt":"2024-06-14T15:33:29","guid":{"rendered":"https:\/\/mundosapps.com\/?page_id=18"},"modified":"2025-12-26T17:57:20","modified_gmt":"2025-12-26T17:57:20","slug":"politica-de-privacidad","status":"publish","type":"page","link":"https:\/\/mundosapps.com\/de\/politica-de-privacidad\/","title":{"rendered":"Datenschutzrichtlinie"},"content":{"rendered":"<p>Ihre Privatsph\u00e4re ist uns wichtig. Mundos Apps respektiert Ihre Privatsph\u00e4re in Bezug auf alle Informationen, die wir \u00fcber die Website von Ihnen erfassen.&nbsp;<a href=\"https:\/\/mundosapps.com\/de\/\">von Mundos Apps<\/a>&nbsp;und andere Websites, die wir besitzen und betreiben.<\/p>\n\n\n\n<p>Wir fragen nur dann personenbezogene Daten ab, wenn wir diese wirklich ben\u00f6tigen, um Ihnen einen Service zu bieten. Dies geschieht auf faire und legale Weise sowie mit Ihrem Wissen und Ihrer Zustimmung. Wir informieren Sie auch dar\u00fcber, warum wir Ihre Daten erheben und wie wir sie verwenden.<\/p>\n\n\n\n<p>Wir speichern die erhobenen Daten nur so lange, wie es f\u00fcr die Bereitstellung des gew\u00fcnschten Dienstes erforderlich ist. Wir sch\u00fctzen die von uns gespeicherten Daten mit kommerziell vertretbaren Mitteln, um Verlust und Diebstahl sowie unbefugten Zugriff, Offenlegung, Vervielf\u00e4ltigung, Nutzung oder \u00c4nderung zu verhindern.<\/p>\n\n\n\n<p>Wir geben keine personenbezogenen Daten \u00f6ffentlich oder an Dritte weiter, es sei denn, dies ist gesetzlich vorgeschrieben.<\/p>\n\n\n\n<p>Unsere Website kann Links zu externen Websites enthalten, die nicht von uns betrieben werden. Bitte beachten Sie, dass wir keine Kontrolle \u00fcber den Inhalt und die Praktiken dieser Websites haben und keine Verantwortung f\u00fcr deren jeweilige&nbsp;&nbsp;<a href=\"https:\/\/privacidade.me\/\">Datenschutzrichtlinien<\/a>&nbsp;.<\/p>\n\n\n\n<p>Es steht Ihnen frei, unsere Anfrage nach Ihren pers\u00f6nlichen Daten abzulehnen, wobei wir Ihnen jedoch m\u00f6glicherweise einige der von Ihnen gew\u00fcnschten Dienste nicht zur Verf\u00fcgung stellen k\u00f6nnen.<\/p>\n\n\n\n<p>Ihre fortgesetzte Nutzung unserer Website gilt als Zustimmung zu unseren Praktiken in Bezug auf Datenschutz und personenbezogene Daten. Wenn Sie Fragen zum Umgang mit Benutzerdaten und personenbezogenen Daten haben, kontaktieren Sie uns bitte.<\/p>\n\n\n\n<p><strong>Sicherheit und Vertrauen der Mundos Apps-Website<\/strong><\/p>\n\n\n\n<p>Die Website ist laut Verifizierung zuverl\u00e4ssig und sicher. Die Seite \u00fcberpr\u00fcft Website-Informationen, um potenzielle Sicherheitsprobleme zu identifizieren. Die Navigation wurde mit diesem Tool verifiziert.&nbsp;<a href=\"https:\/\/transparencyreport.google.com\/safe-browsing\/search?url=https:\/\/mundosapps.com\/\">Google-Sicherheit<\/a>&nbsp;&nbsp;zeigt, dass die Site sicher ist.<\/p>\n\n\n\n<p><strong>Cookie-Richtlinie von Mundos Apps<\/strong><\/p>\n\n\n\n<p><strong>Was sind Cookies?<\/strong><\/p>\n\n\n\n<p>Wie bei fast allen professionellen Websites \u00fcblich, verwendet diese Website Cookies. Dabei handelt es sich um kleine Dateien, die auf Ihren Computer heruntergeladen werden, um Ihr Erlebnis zu verbessern. Auf dieser Seite wird beschrieben, welche Informationen sie sammeln, wie wir sie verwenden und warum wir diese Cookies manchmal speichern m\u00fcssen. Wir erkl\u00e4ren Ihnen auch, wie Sie die Speicherung dieser Cookies verhindern k\u00f6nnen. Dies kann jedoch dazu f\u00fchren, dass bestimmte Elemente der Website-Funktionalit\u00e4t beeintr\u00e4chtigt oder gar nicht mehr funktionieren.<\/p>\n\n\n\n<p><strong>Wie verwenden wir Cookies?<\/strong><\/p>\n\n\n\n<p>Wir verwenden Cookies aus verschiedenen Gr\u00fcnden, die im Folgenden n\u00e4her erl\u00e4utert werden. Leider gibt es in den meisten F\u00e4llen keine branchen\u00fcblichen Optionen zum Deaktivieren von Cookies, ohne die Funktionalit\u00e4t und die Funktionen, die sie dieser Website hinzuf\u00fcgen, vollst\u00e4ndig zu deaktivieren. Es wird empfohlen, alle Cookies aktiviert zu lassen, wenn Sie nicht sicher sind, ob Sie sie f\u00fcr die Bereitstellung eines von Ihnen genutzten Dienstes ben\u00f6tigen.<\/p>\n\n\n\n<p><strong>Cookies deaktivieren<\/strong><\/p>\n\n\n\n<p>Sie k\u00f6nnen die Installation von Cookies verhindern, indem Sie Ihre Browsereinstellungen anpassen (Informationen hierzu finden Sie in der Hilfefunktion Ihres Browsers). Bitte beachten Sie, dass die Deaktivierung von Cookies die Funktionalit\u00e4t dieser und vieler anderer von Ihnen besuchter Websites beeintr\u00e4chtigt. Durch die Deaktivierung von Cookies werden in der Regel auch bestimmte Funktionen und Merkmale dieser Website deaktiviert. Es wird daher empfohlen, Cookies nicht zu deaktivieren.<\/p>\n\n\n\n<p><strong>Von uns gesetzte Cookies<\/strong><\/p>\n\n\n\n<ul class=\"wp-block-list\">\n<li>Kontobezogene Cookies<br><br>Wenn Sie ein Konto bei uns erstellen, verwenden wir Cookies zur Verwaltung des Registrierungsprozesses und f\u00fcr allgemeine Verwaltungsaufgaben. Diese Cookies werden in der Regel gel\u00f6scht, wenn Sie sich abmelden. In einigen F\u00e4llen bleiben sie jedoch auch danach erhalten, um Ihre Website-Einstellungen zu speichern, wenn Sie abgemeldet sind.<br><\/li>\n\n\n\n<li>Login-bezogene Cookies<br><br>Wir verwenden Cookies, wenn Sie sich anmelden, um diese Aktion zu speichern. So m\u00fcssen Sie sich nicht jedes Mal erneut anmelden, wenn Sie eine neue Seite besuchen. Diese Cookies werden in der Regel beim Abmelden entfernt oder gel\u00f6scht, um sicherzustellen, dass Sie nur auf eingeschr\u00e4nkte Funktionen und Bereiche zugreifen k\u00f6nnen, wenn Sie angemeldet sind.<br><\/li>\n\n\n\n<li>Cookies im Zusammenhang mit E-Mail-Newslettern<br><br>Diese Site bietet Newsletter- oder E-Mail-Abonnementdienste an und Cookies k\u00f6nnen verwendet werden, um sich zu merken, ob Sie bereits registriert sind und ob bestimmte Benachrichtigungen angezeigt werden sollen, die m\u00f6glicherweise nur f\u00fcr abonnierte oder nicht abonnierte Benutzer g\u00fcltig sind.<br><\/li>\n\n\n\n<li>Cookies im Zusammenhang mit der Bestellabwicklung<br><br>Diese Site bietet E-Commerce- oder Zahlungsm\u00f6glichkeiten und einige Cookies sind unerl\u00e4sslich, um sicherzustellen, dass Ihre Bestellung zwischen den Seiten gespeichert wird, damit wir sie ordnungsgem\u00e4\u00df verarbeiten k\u00f6nnen.<br><\/li>\n\n\n\n<li>Umfragebezogene Cookies<br><br>Von Zeit zu Zeit bieten wir Umfragen und Frageb\u00f6gen an, um Ihnen interessante Informationen und n\u00fctzliche Tools bereitzustellen oder unsere Nutzerbasis besser zu verstehen. Diese Umfragen k\u00f6nnen Cookies verwenden, um sich zu merken, wer bereits an einer Umfrage teilgenommen hat, oder um Ihnen nach einem Seitenwechsel genaue Ergebnisse zu liefern.<br><\/li>\n\n\n\n<li>Formularbezogene Cookies<br><br>Wenn Sie Daten \u00fcber ein Formular \u00fcbermitteln, wie es beispielsweise auf Kontaktseiten oder Kommentarformularen zu finden ist, k\u00f6nnen Cookies gesetzt werden, um Ihre Benutzerdaten f\u00fcr zuk\u00fcnftige Korrespondenz zu speichern.<br><\/li>\n\n\n\n<li>Site-Pr\u00e4ferenzen Cookies<br><br>Um Ihnen ein optimales Erlebnis auf dieser Website zu bieten, k\u00f6nnen Sie Ihre Pr\u00e4ferenzen f\u00fcr die Ausf\u00fchrung dieser Website festlegen. Um Ihre Pr\u00e4ferenzen zu speichern, m\u00fcssen wir Cookies setzen, damit diese Informationen abgerufen werden k\u00f6nnen, wenn Sie mit einer von Ihren Pr\u00e4ferenzen betroffenen Seite interagieren.<\/li>\n<\/ul>\n\n\n\n<p><strong>Cookies von Drittanbietern<\/strong><\/p>\n\n\n\n<p>In einigen besonderen F\u00e4llen verwenden wir auch Cookies von vertrauensw\u00fcrdigen Drittanbietern. Im folgenden Abschnitt erfahren Sie, welche Drittanbieter-Cookies Sie auf dieser Website verwenden k\u00f6nnen.<\/p>\n\n\n\n<ul class=\"wp-block-list\">\n<li>Diese Website verwendet&nbsp;&nbsp;<a href=\"https:\/\/analytics.google.com\/analytics\/web\/\">Google Analytics<\/a>&nbsp;, eine der am weitesten verbreiteten und vertrauensw\u00fcrdigsten Analysel\u00f6sungen im Internet, hilft uns zu verstehen, wie Sie die Website nutzen und wie wir Ihr Erlebnis verbessern k\u00f6nnen. Diese Cookies k\u00f6nnen beispielsweise verfolgen, wie lange Sie auf der Website verbringen und welche Seiten Sie besuchen, damit wir weiterhin ansprechende Inhalte erstellen k\u00f6nnen.<\/li>\n<\/ul>\n\n\n\n<p>Weitere Informationen zu Google Analytics-Cookies finden Sie auf der offiziellen Google Analytics-Seite.<\/p>\n\n\n\n<ul class=\"wp-block-list\">\n<li>Mithilfe von Drittanbieter-Analysen verfolgen und messen wir die Nutzung dieser Website, damit wir weiterhin ansprechende Inhalte erstellen k\u00f6nnen. Diese Cookies erfassen beispielsweise Ihre Verweildauer auf der Website oder die von Ihnen besuchten Seiten. So k\u00f6nnen wir besser verstehen, wie wir die Website f\u00fcr Sie verbessern k\u00f6nnen.<\/li>\n\n\n\n<li>Wir testen regelm\u00e4\u00dfig neue Funktionen und nehmen geringf\u00fcgige \u00c4nderungen am Erscheinungsbild der Website vor. W\u00e4hrend wir neue Funktionen testen, k\u00f6nnen diese Cookies verwendet werden, um sicherzustellen, dass Sie auf der Website ein einheitliches Erlebnis haben und wir gleichzeitig verstehen, welche Optimierungen unsere Benutzer am meisten sch\u00e4tzen.<\/li>\n\n\n\n<li>Da wir Produkte verkaufen, ist es f\u00fcr uns wichtig, Statistiken dar\u00fcber zu erhalten, wie viele unserer Website-Besucher tats\u00e4chlich einen Kauf t\u00e4tigen. Daher erfassen diese Cookies diese Daten. Dies ist f\u00fcr Sie wichtig, da wir so pr\u00e4zise Gesch\u00e4ftsprognosen erstellen und unsere Werbe- und Produktkosten \u00fcberwachen k\u00f6nnen, um den bestm\u00f6glichen Preis zu gew\u00e4hrleisten.<\/li>\n<\/ul>\n\n\n\n<p><strong>Benutzerinteraktion<\/strong><\/p>\n\n\n\n<p>Der Benutzer verpflichtet sich, die Inhalte und Informationen, die Mundos Apps auf der Website anbietet, angemessen zu nutzen, und beispielsweise, aber nicht beschr\u00e4nkt auf:<\/p>\n\n\n\n<ul class=\"wp-block-list\">\n<li>A) sich nicht an illegalen Aktivit\u00e4ten oder Aktivit\u00e4ten zu beteiligen, die gegen Treu und Glauben und die \u00f6ffentliche Ordnung versto\u00dfen;<\/li>\n\n\n\n<li>B) Verbreiten Sie keine Propaganda oder Inhalte rassistischer oder fremdenfeindlicher Natur oder Wettb\u00fcros, Gl\u00fccksspiele, illegale Pornografie jeglicher Art, die den Terrorismus unterst\u00fctzen oder die Menschenrechte verletzen.<\/li>\n\n\n\n<li>C) Keine Sch\u00e4den an den physischen (Hardware) und logischen (Software) Systemen von Mundos Apps, seinen Lieferanten oder Dritten zu verursachen, keine Computerviren oder andere physische oder logische Systeme einzuf\u00fchren oder zu verbreiten, die die oben genannten Sch\u00e4den verursachen k\u00f6nnen.<\/li>\n<\/ul>\n\n\n\n<p><strong>Cookies blockieren:<\/strong><\/p>\n\n\n\n<p>Nutzer k\u00f6nnen Cookies von jeder Website, einschlie\u00dflich unserer, jederzeit blockieren und\/oder deaktivieren. Rufen Sie dazu die Einstellungen Ihres Browsers auf. Nachfolgend finden Sie die Hilfeanleitungen der wichtigsten Browser:<\/p>\n\n\n\n<ul class=\"wp-block-list\">\n<li><a href=\"https:\/\/support.google.com\/accounts\/answer\/61416?hl=en\" target=\"_blank\" rel=\"noreferrer noopener\">Google Chrome<\/a><\/li>\n\n\n\n<li><a href=\"https:\/\/support.microsoft.com\/pt-br\/help\/17442\/windows-internet-explorer-delete-manage-cookies\" target=\"_blank\" rel=\"noreferrer noopener\">Microsoft Edge<\/a><\/li>\n\n\n\n<li><a href=\"https:\/\/blogs.opera.com\/news\/2015\/08\/how-to-manage-cookies-in-opera\/\" target=\"_blank\" rel=\"noreferrer noopener\">Oper<\/a><\/li>\n\n\n\n<li><a href=\"https:\/\/support.apple.com\/pt-br\/guide\/safari\/sfri11471\/mac\" target=\"_blank\" rel=\"noreferrer noopener\">Safari&nbsp;<\/a>&nbsp;.<\/li>\n<\/ul>\n\n\n\n<p><strong>Weitere Informationen<\/strong><\/p>\n\n\n\n<p>Wir hoffen, dass dies die Dinge f\u00fcr Sie gekl\u00e4rt hat. Und wie bereits erw\u00e4hnt: Wenn Sie sich nicht sicher sind, ob Sie etwas ben\u00f6tigen oder nicht, ist es normalerweise sicherer, Cookies aktiviert zu lassen, falls diese mit einer der Funktionen interagieren, die Sie auf unserer Site verwenden.<\/p>\n\n\n\n<p>Diese Richtlinie ist g\u00fcltig ab&nbsp;&nbsp;<strong>Mai<\/strong>&nbsp;\/&nbsp;<strong>2025<\/strong>&nbsp;.<\/p>","protected":false},"excerpt":{"rendered":"<p>Ihre Privatsph\u00e4re ist uns wichtig. Mundos Apps verpflichtet sich, Ihre Privatsph\u00e4re hinsichtlich aller Informationen, die wir \u00fcber die Mundos Apps-Website und andere von uns betriebene Websites erfassen, zu respektieren. Wir fragen nur dann nach pers\u00f6nlichen Daten, wenn diese unbedingt erforderlich sind, um Ihnen einen Service anbieten zu k\u00f6nnen. Dies geschieht auf faire Weise und [\u2026]<\/p>","protected":false},"author":219,"featured_media":0,"parent":0,"menu_order":0,"comment_status":"closed","ping_status":"closed","template":"","meta":{"footnotes":""},"yoast_head":"<!-- This site is optimized with the Yoast SEO plugin v23.3 - https:\/\/yoast.com\/wordpress\/plugins\/seo\/ -->\n<title>Pol\u00edtica Privacidade - Mundos Apps<\/title>\n<meta name=\"description\" content=\"Pol\u00edtica de privacidad\" \/>\n<meta name=\"robots\" content=\"index, follow, max-snippet:-1, max-image-preview:large, max-video-preview:-1\" \/>\n<link rel=\"canonical\" href=\"https:\/\/mundosapps.com\/de\/politica-de-privacidad\/\" \/>\n<meta property=\"og:locale\" content=\"de_DE\" \/>\n<meta property=\"og:type\" content=\"article\" \/>\n<meta property=\"og:title\" content=\"Pol\u00edtica Privacidade - Mundos Apps\" \/>\n<meta property=\"og:description\" content=\"Pol\u00edtica de privacidad\" \/>\n<meta property=\"og:url\" content=\"https:\/\/mundosapps.com\/de\/politica-de-privacidad\/\" \/>\n<meta property=\"og:site_name\" content=\"Mundos Apps\" \/>\n<meta property=\"article:modified_time\" content=\"2025-12-26T17:57:20+00:00\" \/>\n<meta name=\"twitter:card\" content=\"summary_large_image\" \/>\n<meta name=\"twitter:label1\" content=\"Est. reading time\" \/>\n\t<meta name=\"twitter:data1\" content=\"8 Minuten\" \/>\n<script type=\"application\/ld+json\" class=\"yoast-schema-graph\">{\"@context\":\"https:\/\/schema.org\",\"@graph\":[{\"@type\":\"WebPage\",\"@id\":\"https:\/\/mundosapps.com\/politica-de-privacidad\/\",\"url\":\"https:\/\/mundosapps.com\/politica-de-privacidad\/\",\"name\":\"Pol\u00edtica Privacidade - Mundos Apps\",\"isPartOf\":{\"@id\":\"https:\/\/mundosapps.com\/#website\"},\"datePublished\":\"2024-06-14T15:33:29+00:00\",\"dateModified\":\"2025-12-26T17:57:20+00:00\",\"description\":\"Pol\u00edtica de privacidad\",\"breadcrumb\":{\"@id\":\"https:\/\/mundosapps.com\/politica-de-privacidad\/#breadcrumb\"},\"inLanguage\":\"de-DE\",\"potentialAction\":[{\"@type\":\"ReadAction\",\"target\":[\"https:\/\/mundosapps.com\/politica-de-privacidad\/\"]}]},{\"@type\":\"BreadcrumbList\",\"@id\":\"https:\/\/mundosapps.com\/politica-de-privacidad\/#breadcrumb\",\"itemListElement\":[{\"@type\":\"ListItem\",\"position\":1,\"name\":\"Home\",\"item\":\"https:\/\/mundosapps.com\/\"},{\"@type\":\"ListItem\",\"position\":2,\"name\":\"Pol\u00edtica Privacidade\"}]},{\"@type\":\"WebSite\",\"@id\":\"https:\/\/mundosapps.com\/#website\",\"url\":\"https:\/\/mundosapps.com\/\",\"name\":\"Mundos Apps\",\"description\":\"\",\"publisher\":{\"@id\":\"https:\/\/mundosapps.com\/#organization\"},\"potentialAction\":[{\"@type\":\"SearchAction\",\"target\":{\"@type\":\"EntryPoint\",\"urlTemplate\":\"https:\/\/mundosapps.com\/?s={search_term_string}\"},\"query-input\":\"required name=search_term_string\"}],\"inLanguage\":\"de-DE\"},{\"@type\":\"Organization\",\"@id\":\"https:\/\/mundosapps.com\/#organization\",\"name\":\"Mundos Apps\",\"url\":\"https:\/\/mundosapps.com\/\",\"logo\":{\"@type\":\"ImageObject\",\"inLanguage\":\"de-DE\",\"@id\":\"https:\/\/mundosapps.com\/#\/schema\/logo\/image\/\",\"url\":\"https:\/\/mundosapps.com\/wp-content\/uploads\/sites\/290\/2025\/12\/cropped-LOGO-MUNDOS-APPS.png\",\"contentUrl\":\"https:\/\/mundosapps.com\/wp-content\/uploads\/sites\/290\/2025\/12\/cropped-LOGO-MUNDOS-APPS.png\",\"width\":180,\"height\":60,\"caption\":\"Mundos Apps\"},\"image\":{\"@id\":\"https:\/\/mundosapps.com\/#\/schema\/logo\/image\/\"}}]}<\/script>\n<!-- \/ Yoast SEO plugin. -->","yoast_head_json":{"title":"Pol\u00edtica Privacidade - Mundos Apps","description":"Pol\u00edtica de privacidad","robots":{"index":"index","follow":"follow","max-snippet":"max-snippet:-1","max-image-preview":"max-image-preview:large","max-video-preview":"max-video-preview:-1"},"canonical":"https:\/\/mundosapps.com\/de\/politica-de-privacidad\/","og_locale":"de_DE","og_type":"article","og_title":"Pol\u00edtica Privacidade - Mundos Apps","og_description":"Pol\u00edtica de privacidad","og_url":"https:\/\/mundosapps.com\/de\/politica-de-privacidad\/","og_site_name":"Mundos Apps","article_modified_time":"2025-12-26T17:57:20+00:00","twitter_card":"summary_large_image","twitter_misc":{"Est. reading time":"8 Minuten"},"schema":{"@context":"https:\/\/schema.org","@graph":[{"@type":"WebPage","@id":"https:\/\/mundosapps.com\/politica-de-privacidad\/","url":"https:\/\/mundosapps.com\/politica-de-privacidad\/","name":"Pol\u00edtica Privacidade - Mundos Apps","isPartOf":{"@id":"https:\/\/mundosapps.com\/#website"},"datePublished":"2024-06-14T15:33:29+00:00","dateModified":"2025-12-26T17:57:20+00:00","description":"Pol\u00edtica de privacidad","breadcrumb":{"@id":"https:\/\/mundosapps.com\/politica-de-privacidad\/#breadcrumb"},"inLanguage":"de-DE","potentialAction":[{"@type":"ReadAction","target":["https:\/\/mundosapps.com\/politica-de-privacidad\/"]}]},{"@type":"BreadcrumbList","@id":"https:\/\/mundosapps.com\/politica-de-privacidad\/#breadcrumb","itemListElement":[{"@type":"ListItem","position":1,"name":"Home","item":"https:\/\/mundosapps.com\/"},{"@type":"ListItem","position":2,"name":"Pol\u00edtica Privacidade"}]},{"@type":"WebSite","@id":"https:\/\/mundosapps.com\/#website","url":"https:\/\/mundosapps.com\/","name":"Mundos Apps","description":"","publisher":{"@id":"https:\/\/mundosapps.com\/#organization"},"potentialAction":[{"@type":"SearchAction","target":{"@type":"EntryPoint","urlTemplate":"https:\/\/mundosapps.com\/?s={search_term_string}"},"query-input":"required name=search_term_string"}],"inLanguage":"de-DE"},{"@type":"Organization","@id":"https:\/\/mundosapps.com\/#organization","name":"Mundos Apps","url":"https:\/\/mundosapps.com\/","logo":{"@type":"ImageObject","inLanguage":"de-DE","@id":"https:\/\/mundosapps.com\/#\/schema\/logo\/image\/","url":"https:\/\/mundosapps.com\/wp-content\/uploads\/sites\/290\/2025\/12\/cropped-LOGO-MUNDOS-APPS.png","contentUrl":"https:\/\/mundosapps.com\/wp-content\/uploads\/sites\/290\/2025\/12\/cropped-LOGO-MUNDOS-APPS.png","width":180,"height":60,"caption":"Mundos Apps"},"image":{"@id":"https:\/\/mundosapps.com\/#\/schema\/logo\/image\/"}}]}},"_links":{"self":[{"href":"https:\/\/mundosapps.com\/de\/wp-json\/wp\/v2\/pages\/18"}],"collection":[{"href":"https:\/\/mundosapps.com\/de\/wp-json\/wp\/v2\/pages"}],"about":[{"href":"https:\/\/mundosapps.com\/de\/wp-json\/wp\/v2\/types\/page"}],"author":[{"embeddable":true,"href":"https:\/\/mundosapps.com\/de\/wp-json\/wp\/v2\/users\/219"}],"replies":[{"embeddable":true,"href":"https:\/\/mundosapps.com\/de\/wp-json\/wp\/v2\/comments?post=18"}],"version-history":[{"count":2,"href":"https:\/\/mundosapps.com\/de\/wp-json\/wp\/v2\/pages\/18\/revisions"}],"predecessor-version":[{"id":2591,"href":"https:\/\/mundosapps.com\/de\/wp-json\/wp\/v2\/pages\/18\/revisions\/2591"}],"wp:attachment":[{"href":"https:\/\/mundosapps.com\/de\/wp-json\/wp\/v2\/media?parent=18"}],"curies":[{"name":"wp","href":"https:\/\/api.w.org\/{rel}","templated":true}]}}